{"id":103,"date":"2024-09-23T14:56:11","date_gmt":"2024-09-23T12:56:11","guid":{"rendered":"https:\/\/carmegalache.com\/?page_id=103"},"modified":"2025-05-09T12:15:30","modified_gmt":"2025-05-09T10:15:30","slug":"eventos","status":"publish","type":"page","link":"https:\/\/carmegalache.com\/ca\/eventos\/","title":{"rendered":"Esdeveniments"},"content":{"rendered":"<section id=\"section-2-477\" class=\" ct-section\" ><div class=\"ct-section-inner-wrap\"><div id=\"div_block-3-477\" class=\"ct-div-block\" ><h2 id=\"headline-4-477\" class=\"ct-headline atomic-secondary-heading\">Esdeveniments d'Artesania<\/h2><div id=\"text_block-5-477\" class=\"ct-text-block atomic-subheading\" >Uneix-te a la Celebraci\u00f3 de l'Artesania Local i Coneix-nos Personalment<\/div><section id=\"_dynamic_list-6-477\" class=\"oxy-dynamic-list\"><div id=\"div_block-7-477-1\" class=\"ct-div-block\" data-id=\"div_block-7-477\"><div id=\"new_columns-8-477-1\" class=\"ct-new-columns\" data-id=\"new_columns-8-477\"><div id=\"div_block-9-477-1\" class=\"ct-div-block\" data-id=\"div_block-9-477\"><div id=\"div_block-10-477-1\" class=\"ct-div-block\" style=\"background-image:url(https:\/\/carmegalache.com\/wp-content\/uploads\/2024\/12\/canyamars-19_i_20_octubre_2024-1.jpg);background-size: cover;\" data-id=\"div_block-10-477\"><\/div><\/div><div id=\"div_block-11-477-1\" class=\"ct-div-block\" data-id=\"div_block-11-477\"><div id=\"div_block-74-477-1\" class=\"ct-div-block\" data-id=\"div_block-74-477\"><div id=\"fancy_icon-43-477-1\" class=\"ct-fancy-icon\" data-id=\"fancy_icon-43-477\"><svg id=\"svg-fancy_icon-43-477-1\" data-id=\"svg-fancy_icon-43-477\"><use xlink:href=\"#FontAwesomeicon-calendar\"><\/use><\/svg><\/div><h4 id=\"headline-12-477-1\" class=\"ct-headline\" data-id=\"headline-12-477\"><span id=\"span-13-477\" class=\"ct-span\" >Fira del Bosc Medieval de Canyamars<\/span><\/h4><\/div><div id=\"text_block-14-477-1\" class=\"ct-text-block\" data-id=\"text_block-14-477\"><span id=\"span-15-477\" class=\"ct-span oxy-stock-content-styles\" >\n<p>El\u00a0<strong>dissabte 19 i el diumenge 20 d\u2019octubre<\/strong> 2024 <\/p>\n\n\n\n<p>Totes aquelles persones que s\u2019acostin al nucli de Canyamars podran gaudir d\u2019una postal \u00fanica i d\u2019un marc encisador on deixar-se anar, transportar- se segles enrere i gaudir i reviure la m\u00e0gia, el paisatge, els costums i els trets caracter\u00edstics de l\u2019\u00e8poca medieval.<\/p>\n<\/span><\/div><\/div><\/div><\/div><div id=\"div_block-7-477-2\" class=\"ct-div-block\" data-id=\"div_block-7-477\"><div id=\"new_columns-8-477-2\" class=\"ct-new-columns\" data-id=\"new_columns-8-477\"><div id=\"div_block-9-477-2\" class=\"ct-div-block\" data-id=\"div_block-9-477\"><div id=\"div_block-10-477-2\" class=\"ct-div-block\" style=\"background-image:url(https:\/\/carmegalache.com\/wp-content\/uploads\/2024\/10\/1_FOLLETO-A4-BURGOS-EMBRUJADO-1.jpg);background-size: cover;\" data-id=\"div_block-10-477\"><\/div><\/div><div id=\"div_block-11-477-2\" class=\"ct-div-block\" data-id=\"div_block-11-477\"><div id=\"div_block-74-477-2\" class=\"ct-div-block\" data-id=\"div_block-74-477\"><div id=\"fancy_icon-43-477-2\" class=\"ct-fancy-icon\" data-id=\"fancy_icon-43-477\"><svg id=\"svg-fancy_icon-43-477-2\" data-id=\"svg-fancy_icon-43-477\"><use xlink:href=\"#FontAwesomeicon-calendar\"><\/use><\/svg><\/div><h4 id=\"headline-12-477-2\" class=\"ct-headline\" data-id=\"headline-12-477\"><span id=\"span-13-477\" class=\"ct-span\" >Burgos Embruixat<\/span><\/h4><\/div><div id=\"text_block-14-477-2\" class=\"ct-text-block\" data-id=\"text_block-14-477\"><span id=\"span-15-477\" class=\"ct-span oxy-stock-content-styles\" >\n<p>5 i 6 d'octubre de 2024, en el Monestir de Sant Joan<\/p>\n\n\n\n<p>\ud83d\udd2e Prep\u00e1rate para adentrarte en el misterio \ud83d\udd2e<\/p>\n\n\n\n<p>\ud83c\udf19 Els dies 5 i 6 d'octubre de 2024, en el Monestir de Sant Joan, i en el marc de la Setmana Cidiana, celebrarem les I Jornades Burgos Embruixat, un esdeveniment on el misteri cobrar\u00e0 vida.  <\/p>\n\n\n\n<p>\ud83d\udc7b Folklore, llegendes i bruixeria en temps del Cid seran l'eix d'aquesta activitat que inclou confer\u00e8ncies, exposicions i la gravaci\u00f3 en directe del p\u00f2dcast de misteri \u201cAbisme\u201d, amb Nacho Navarro, col\u00b7laborador de Quart Mil\u00b7lenni, i la participaci\u00f3 de l'historiador Jos\u00e9 Luis Corral. \ud83c\udf99\ufe0f<\/p>\n\n\n\n<p>\ud83d\udccdA la Sala Capitular del Monestir de Sant Joan explorarem la m\u00e0gia i el sobrenatural en el context medieval, abordant temes fascinants com \u201cL'art d'enverinar\u201d o \u201cL'espectre del Cid i altres genets sobrenaturals\u201d. <\/p>\n\n\n\n<p>\ud83c\udfa8 A m\u00e9s, podr\u00e0s gaudir d'una exposici\u00f3 \u00fanica amb 22 peces d'artistes que retraten llegendes i criatures sobrenaturals medievals. <\/p>\n\n\n\n<p>\u2728 No et perdis l'oportunitat de descobrir el costat m\u00e9s fosc i m\u00e0gic del Cid.<\/p>\n\n\n\n<p>\ud83c\udd93 L'entrada a les activitats \u00e9s gratu\u00efta i pots recollir-la en la Caseta d'Informaci\u00f3 al costat del Teatre Principal a partir del divendres 27 de setembre. No et perdis l'oportunitat de descobrir el costat m\u00e9s fosc i m\u00e0gic del Cid.\u00a0<\/p>\n\n\n\n<p>#BurgosEmbrujado #SemanaCidiana #ElCid #SomosCidianos #LeyendasyMagia #CuartoMilenio #Misteri #P\u00f2dcast #Burgos #AbismoMisterio #Brujer\u00edaMedieval<\/p>\n\n\n\n<p><\/p>\n<\/span><\/div><\/div><\/div><\/div>                    \n                                            \n                                        \n                    <\/section>\n<\/div><\/div><\/section>","protected":false},"excerpt":{"rendered":"","protected":false},"author":1,"featured_media":0,"parent":0,"menu_order":0,"comment_status":"closed","ping_status":"closed","template":"","meta":{"inline_featured_image":false,"footnotes":""},"class_list":["post-103","page","type-page","status-publish","hentry"],"aioseo_notices":[],"_links":{"self":[{"href":"https:\/\/carmegalache.com\/ca\/wp-json\/wp\/v2\/pages\/103","targetHints":{"allow":["GET"]}}],"collection":[{"href":"https:\/\/carmegalache.com\/ca\/wp-json\/wp\/v2\/pages"}],"about":[{"href":"https:\/\/carmegalache.com\/ca\/wp-json\/wp\/v2\/types\/page"}],"author":[{"embeddable":true,"href":"https:\/\/carmegalache.com\/ca\/wp-json\/wp\/v2\/users\/1"}],"replies":[{"embeddable":true,"href":"https:\/\/carmegalache.com\/ca\/wp-json\/wp\/v2\/comments?post=103"}],"version-history":[{"count":13,"href":"https:\/\/carmegalache.com\/ca\/wp-json\/wp\/v2\/pages\/103\/revisions"}],"predecessor-version":[{"id":2320,"href":"https:\/\/carmegalache.com\/ca\/wp-json\/wp\/v2\/pages\/103\/revisions\/2320"}],"wp:attachment":[{"href":"https:\/\/carmegalache.com\/ca\/wp-json\/wp\/v2\/media?parent=103"}],"curies":[{"name":"wp","href":"https:\/\/api.w.org\/{rel}","templated":true}]}}