{"id":1945,"date":"2025-03-26T08:10:22","date_gmt":"2025-03-26T07:10:22","guid":{"rendered":"https:\/\/carmegalache.com\/?page_id=1945"},"modified":"2025-07-29T10:53:20","modified_gmt":"2025-07-29T08:53:20","slug":"galeria","status":"publish","type":"page","link":"https:\/\/carmegalache.com\/ca\/galeria\/","title":{"rendered":"Galeria"},"content":{"rendered":"<section id=\"section-3-1949\" class=\" ct-section\" style=\"background-image:linear-gradient(rgba(35,83,71,0.58), rgba(35,83,71,0.58)), url(https:\/\/carmegalache.com\/wp-content\/uploads\/2024\/11\/IMG-20241121-WA0070.jpg);background-size:auto,  cover;\" ><div class=\"ct-section-inner-wrap\"><h2 id=\"headline-4-1949\" class=\"ct-headline atomic-subheading\">Galeria<\/h2><div id=\"text_block-5-1949\" class=\"ct-text-block atomic-secondary-heading\" >Joies artesanals inspirades en la bellesa org\u00e0nica i pura de la natura<\/div><link rel='stylesheet' id='oxygen-unslider-css'  href='https:\/\/carmegalache.com\/wp-content\/plugins\/oxygen\/component-framework\/vendor\/unslider\/unslider.css' type='text\/css' media='all'\/><div id=\"slider-6-1949\" class=\"ct-slider ct_unique_slider_5696\" ><div class=\"oxygen-unslider-container\"><ul><li><div id=\"slide-7-1949\" class=\"ct-slide\" ><div id=\"new_columns-8-1949\" class=\"ct-new-columns\" ><div id=\"div_block-9-1949\" class=\"ct-div-block atomic-slider-15-column\" ><div id=\"div_block-10-1949\" class=\"ct-div-block atomic-slider-15-wrapper\" ><img decoding=\"async\"  id=\"image-11-1949\" alt=\"Cascabel esp\u00edritu del mu\u00e9rdago de Victoria Frances\" src=\"https:\/\/carmegalache.com\/wp-content\/uploads\/2025\/03\/picarol-victoria-frances.jpg\" class=\"ct-image atomic-slider-15-image gallery-image\"\/><h4 id=\"headline-12-1949\" class=\"ct-headline atomic-slider-15-title\">Picarol Vict\u00f2ria Frances<\/h4><div id=\"text_block-13-1949\" class=\"ct-text-block atomic-slider-15-text\" >Picarol esperit del vesc de Vict\u00f2ria Frances<\/div><\/div><\/div><div id=\"div_block-14-1949\" class=\"ct-div-block atomic-slider-15-column\" ><div id=\"div_block-15-1949\" class=\"ct-div-block atomic-slider-15-wrapper\" ><img decoding=\"async\"  id=\"image-16-1949\" alt=\"Colgante contenedor\u00a0sapo de plata o bronce naturaleza magia brujer\u00eda artesano hecho a mano\" src=\"https:\/\/carmegalache.com\/wp-content\/uploads\/2025\/02\/IMG_1070.jpg\" class=\"ct-image atomic-slider-15-image gallery-image\"\/><h4 id=\"headline-17-1949\" class=\"ct-headline atomic-slider-15-title\">Penjoll contenidor gripau<\/h4><div id=\"text_block-18-1949\" class=\"ct-text-block atomic-slider-15-text\" >Penjoll contenidor gripau fet a m\u00e0<\/div><\/div><\/div><div id=\"div_block-19-1949\" class=\"ct-div-block atomic-slider-15-column\" ><div id=\"div_block-20-1949\" class=\"ct-div-block atomic-slider-15-wrapper\" ><img decoding=\"async\"  id=\"image-21-1949\" alt=\"Colgante cr\u00e1neo de ciervo de plata o bronce\" src=\"https:\/\/carmegalache.com\/wp-content\/uploads\/2025\/02\/IMG_1045.jpg\" class=\"ct-image atomic-slider-15-image gallery-image\"\/><h4 id=\"headline-22-1949\" class=\"ct-headline atomic-slider-15-title\">Penjoll crani de c\u00e9rvol<\/h4><div id=\"text_block-23-1949\" class=\"ct-text-block atomic-slider-15-text\" >Penjoll crani de c\u00e9rvol en plata de llei<\/div><\/div><\/div><\/div><\/div><\/li><li><div id=\"slide-24-1949\" class=\"ct-slide\" ><div id=\"new_columns-25-1949\" class=\"ct-new-columns\" ><div id=\"div_block-26-1949\" class=\"ct-div-block atomic-slider-15-column\" ><div id=\"div_block-27-1949\" class=\"ct-div-block atomic-slider-15-wrapper\" ><img decoding=\"async\" loading=\"lazy\" id=\"image-28-1949\" alt=\"Colgante Akelarre de plata o bronce\" src=\"https:\/\/carmegalache.com\/wp-content\/uploads\/2025\/02\/IMG_0995.jpg\" class=\"ct-image atomic-slider-15-image gallery-image\"\/><h4 id=\"headline-29-1949\" class=\"ct-headline atomic-slider-15-title\">Penjoll Akelarre<\/h4><div id=\"text_block-30-1949\" class=\"ct-text-block atomic-slider-15-text\" >Penjoll Akelarre de plata o bronze<\/div><\/div><\/div><div id=\"div_block-31-1949\" class=\"ct-div-block atomic-slider-15-column\" ><div id=\"div_block-32-1949\" class=\"ct-div-block atomic-slider-15-wrapper\" ><img decoding=\"async\"  id=\"image-33-1949\" alt=\"Colgante hoja de aliso \u00e1rbol bosque naturaleza tradicional folclore magia brujer\u00eda artesano hecho a\" src=\"https:\/\/carmegalache.com\/wp-content\/uploads\/2025\/02\/IMG_0938.jpg\" class=\"ct-image atomic-slider-15-image gallery-image\"\/><h4 id=\"headline-34-1949\" class=\"ct-headline atomic-slider-15-title\">Penjoll fulla de vern<\/h4><div id=\"text_block-35-1949\" class=\"ct-text-block atomic-slider-15-text\" >Penjoll fulla de vern fet a m\u00e0<\/div><\/div><\/div><div id=\"div_block-36-1949\" class=\"ct-div-block atomic-slider-15-column\" ><div id=\"div_block-37-1949\" class=\"ct-div-block atomic-slider-15-wrapper\" ><img decoding=\"async\"  id=\"image-38-1949\" alt=\"Colgante l\u00fanula peque\u00f1o\" src=\"https:\/\/carmegalache.com\/wp-content\/uploads\/2025\/02\/IMG_0947.jpg\" class=\"ct-image atomic-slider-15-image gallery-image\"\/><h4 id=\"headline-39-1949\" class=\"ct-headline atomic-slider-15-title\">Penjoll lunula petit<\/h4><div id=\"text_block-40-1949\" class=\"ct-text-block atomic-slider-15-text\" >Penjoll L\u00fanula. Fabricat Plata de llei 925<\/div><\/div><\/div><\/div><\/div><\/li><\/ul><\/div><\/div><script class=\"ct-slider-script\">jQuery(document).ready(function($){$('#slider-6-1949.ct_unique_slider_5696 .oxygen-unslider-container:not(.unslider-horizontal,.unslider-fade)').unslider({autoplay: true, delay: 5000, animation: 'fade', speed : 1500, arrows: false, nav: true, infinite: false})});<\/script><link rel='stylesheet' id='oxygen-unslider-css'  href='https:\/\/carmegalache.com\/wp-content\/plugins\/oxygen\/component-framework\/vendor\/unslider\/unslider.css' type='text\/css' media='all'\/><div id=\"slider-42-1949\" class=\"ct-slider ct_unique_slider_1567\" ><div class=\"oxygen-unslider-container\"><ul><li><div id=\"slide-43-1949\" class=\"ct-slide\" ><div id=\"new_columns-44-1949\" class=\"ct-new-columns\" ><div id=\"div_block-45-1949\" class=\"ct-div-block atomic-slider-15-column\" ><div id=\"div_block-46-1949\" class=\"ct-div-block atomic-slider-15-wrapper\" ><img decoding=\"async\"  id=\"image-47-1949\" alt=\"Colgante hexap\u00e9tala hexafolia plata bronce s\u00edmbolo magia brujer\u00eda tradicional altar ceremonia folclcore artesano hecho a mano\" src=\"https:\/\/carmegalache.com\/wp-content\/uploads\/2025\/02\/IMG_1067.jpg\" class=\"ct-image atomic-slider-15-image gallery-image\"\/><h4 id=\"headline-48-1949\" class=\"ct-headline atomic-slider-15-title\">Penjoll Hexaf\u00f2lia fulles<\/h4><div id=\"text_block-49-1949\" class=\"ct-text-block atomic-slider-15-text\" >Penjoll Hexaf\u00f2lia. Fabricat Plata de llei 925 o Bronze<\/div><\/div><\/div><div id=\"div_block-50-1949\" class=\"ct-div-block atomic-slider-15-column\" ><div id=\"div_block-51-1949\" class=\"ct-div-block atomic-slider-15-wrapper\" ><img decoding=\"async\"  id=\"image-52-1949\" alt=\"Cuchara de boticario hombre verde rituales altar magia ceremonia brujer\u00eda bosque naturaleza artesano hecho a mano plantas medicinales\" src=\"https:\/\/carmegalache.com\/wp-content\/uploads\/2025\/02\/IMG_0955.jpg\" class=\"ct-image atomic-slider-15-image gallery-image\"\/><h4 id=\"headline-53-1949\" class=\"ct-headline atomic-slider-15-title\">Cullera d'Apotecari \u201cHome Verd\"<\/h4><div id=\"text_block-54-1949\" class=\"ct-text-block atomic-slider-15-text\" >Cullera d'Apotecari \u201cHome Verd\" \ud83c\udf41 Fabricat en Bronze<\/div><\/div><\/div><div id=\"div_block-55-1949\" class=\"ct-div-block atomic-slider-15-column\" ><div id=\"div_block-56-1949\" class=\"ct-div-block atomic-slider-15-wrapper\" ><img decoding=\"async\" loading=\"lazy\" id=\"image-57-1949\" alt=\"Colgante hexap\u00e9tala hexafolia plata bronce s\u00edmbolo magia brujer\u00eda tradicional altar ceremonia folclcore joya joyer\u00eda autor artesano hecho a mano\" src=\"https:\/\/carmegalache.com\/wp-content\/uploads\/2025\/02\/IMG_1011-1-e1740656003698.jpg\" class=\"ct-image atomic-slider-15-image gallery-image\"\/><h4 id=\"headline-58-1949\" class=\"ct-headline atomic-slider-15-title\">Penjoll Hexap\u00e8tala petit<\/h4><div id=\"text_block-59-1949\" class=\"ct-text-block atomic-slider-15-text\" >Penjoll Hexap\u00e8tala petit textura pedra<\/div><\/div><\/div><\/div><\/div><\/li><li><div id=\"slide-60-1949\" class=\"ct-slide\" ><div id=\"new_columns-61-1949\" class=\"ct-new-columns\" ><div id=\"div_block-62-1949\" class=\"ct-div-block atomic-slider-15-column\" ><div id=\"div_block-63-1949\" class=\"ct-div-block atomic-slider-15-wrapper\" ><img decoding=\"async\"  id=\"image-64-1949\" alt=\"Pendientes c\u00e1psula de amapola\" src=\"https:\/\/carmegalache.com\/wp-content\/uploads\/2025\/02\/IMG_1028.jpg\" class=\"ct-image atomic-slider-15-image gallery-image\"\/><h4 id=\"headline-65-1949\" class=\"ct-headline atomic-slider-15-title\">Arracades c\u00e0psula Rosella<\/h4><div id=\"text_block-66-1949\" class=\"ct-text-block atomic-slider-15-text\" >Arracades c\u00e0psula Rosella. Fabricades en plata de llei 925<\/div><\/div><\/div><div id=\"div_block-67-1949\" class=\"ct-div-block atomic-slider-15-column\" ><div id=\"div_block-68-1949\" class=\"ct-div-block atomic-slider-15-wrapper\" ><img decoding=\"async\"  id=\"image-69-1949\" alt=\"Colgante Mjolnir de Sk\u00e5ne Replica Martillo de Thor de plata o bronce artesano\" src=\"https:\/\/carmegalache.com\/wp-content\/uploads\/2025\/02\/IMG-20210724-WA0021.jpg\" class=\"ct-image atomic-slider-15-image gallery-image\"\/><h4 id=\"headline-70-1949\" class=\"ct-headline atomic-slider-15-title\">Mj\u00f6lnir de Sk\u00e5ne. Replica. Martell de Thor<\/h4><div id=\"text_block-71-1949\" class=\"ct-text-block atomic-slider-15-text\" >Penjoll Mj\u00f6lnir de Sk\u00e5ne. Replica. Martell de Thor<\/div><\/div><\/div><div id=\"div_block-72-1949\" class=\"ct-div-block atomic-slider-15-column\" ><div id=\"div_block-73-1949\" class=\"ct-div-block atomic-slider-15-wrapper\" ><img decoding=\"async\"  id=\"image-74-1949\" alt=\"Colgante cr\u00e1neo de Jabal\u00ed plata o bronce naturaleza magia brujer\u00eda artesano hecho a mano\" src=\"https:\/\/carmegalache.com\/wp-content\/uploads\/2025\/02\/IMG_0987.jpg\" class=\"ct-image atomic-slider-15-image gallery-image\"\/><h4 id=\"headline-75-1949\" class=\"ct-headline atomic-slider-15-title\">Penjoll Crani de Senglar<\/h4><div id=\"text_block-76-1949\" class=\"ct-text-block atomic-slider-15-text\" >Penjoll Crani de Senglar de Plata de Llei 925 o de Bronze<\/div><\/div><\/div><\/div><\/div><\/li><\/ul><\/div><\/div><script class=\"ct-slider-script\">jQuery(document).ready(function($){$('#slider-42-1949.ct_unique_slider_1567 .oxygen-unslider-container:not(.unslider-horizontal,.unslider-fade)').unslider({autoplay: true, delay: 6000, animation: 'fade', speed : 1500, arrows: false, nav: true, infinite: false})});<\/script><\/div><\/section><section id=\"section-2-1949\" class=\" ct-section\" style=\"background-image:linear-gradient(rgba(35,83,71,0.58), rgba(35,83,71,0.58)), url(https:\/\/carmegalache.com\/wp-content\/uploads\/2024\/11\/IMG-20241121-WA0070.jpg);background-size:auto,  cover;\" ><div class=\"ct-section-inner-wrap\"><div id=\"div_block-83-1949\" class=\"ct-div-block\" ><div id=\"div_block-109-1949\" class=\"ct-div-block\" ><div id=\"text_block-107-1949\" class=\"ct-text-block atomic-secondary-heading\" >Descobreix l'ess\u00e8ncia natural darrere de cada joia en moviment i detall<\/div><\/div><div id=\"new_columns-78-1949\" class=\"ct-new-columns\" ><div id=\"div_block-79-1949\" class=\"ct-div-block\" ><div id=\"video-92-1949\" class=\"ct-video\" >\n                <div class=\"oxygen-vsb-responsive-video-wrapper\"><div class=\"lyte-wrapper fourthree\" style=\"width:420px;max-width:100%;margin:5px;\"><div class=\"lyMe\" id=\"WYL_Tb_Mmk3TLIk\"><div id=\"lyte_Tb_Mmk3TLIk\" data-src=\"https:\/\/carmegalache.com\/wp-content\/plugins\/wp-youtube-lyte\/lyteCache.php?origThumbUrl=%2F%2Fi.ytimg.com%2Fvi%2FTb_Mmk3TLIk%2Fhqdefault.jpg\" class=\"pL\"><div class=\"tC\"><div class=\"tT\"><\/div><\/div><div class=\"play\"><\/div><div class=\"ctrl\"><div class=\"Lctrl\"><\/div><div class=\"Rctrl\"><\/div><\/div><\/div><noscript><a href=\"https:\/\/youtu.be\/Tb_Mmk3TLIk\" rel=\"nofollow\"><img loading=\"lazy\" decoding=\"async\" src=\"https:\/\/carmegalache.com\/wp-content\/plugins\/wp-youtube-lyte\/lyteCache.php?origThumbUrl=https%3A%2F%2Fi.ytimg.com%2Fvi%2FTb_Mmk3TLIk%2F0.jpg\" alt=\"YouTube video thumbnail\" width=\"420\" height=\"295\" \/><br \/>Watch this video on YouTube<\/a><\/noscript><\/div><\/div><div class=\"lL\" style=\"max-width:100%;width:420px;margin:5px;\"><\/div><\/div>\n                <\/div><div id=\"text_block-99-1949\" class=\"ct-text-block \" >Fabricaci\u00f3 d'Anell Ermita<\/div><\/div><div id=\"div_block-80-1949\" class=\"ct-div-block\" ><div id=\"video-93-1949\" class=\"ct-video\" >\n                <div class=\"oxygen-vsb-responsive-video-wrapper\"><div class=\"lyte-wrapper fourthree\" style=\"width:420px;max-width:100%;margin:5px;\"><div class=\"lyMe\" id=\"WYL__xpnTh2T6N4\"><div id=\"lyte__xpnTh2T6N4\" data-src=\"https:\/\/carmegalache.com\/wp-content\/plugins\/wp-youtube-lyte\/lyteCache.php?origThumbUrl=%2F%2Fi.ytimg.com%2Fvi%2F_xpnTh2T6N4%2Fhqdefault.jpg\" class=\"pL\"><div class=\"tC\"><div class=\"tT\"><\/div><\/div><div class=\"play\"><\/div><div class=\"ctrl\"><div class=\"Lctrl\"><\/div><div class=\"Rctrl\"><\/div><\/div><\/div><noscript><a href=\"https:\/\/youtu.be\/_xpnTh2T6N4\" rel=\"nofollow\"><img loading=\"lazy\" decoding=\"async\" src=\"https:\/\/carmegalache.com\/wp-content\/plugins\/wp-youtube-lyte\/lyteCache.php?origThumbUrl=https%3A%2F%2Fi.ytimg.com%2Fvi%2F_xpnTh2T6N4%2F0.jpg\" alt=\"YouTube video thumbnail\" width=\"420\" height=\"295\" \/><br \/>Watch this video on YouTube<\/a><\/noscript><\/div><\/div><div class=\"lL\" style=\"max-width:100%;width:420px;margin:5px;\"><\/div><\/div>\n                <\/div><div id=\"text_block-100-1949\" class=\"ct-text-block\" >Fabricaci\u00f3 d'Arracades Escor\u00e7a<\/div><\/div><\/div><div id=\"new_columns-94-1949\" class=\"ct-new-columns\" ><div id=\"div_block-95-1949\" class=\"ct-div-block\" ><div id=\"video-96-1949\" class=\"ct-video\" >\n                <div class=\"oxygen-vsb-responsive-video-wrapper\"><div class=\"lyte-wrapper fourthree\" style=\"width:420px;max-width:100%;margin:5px;\"><div class=\"lyMe\" id=\"WYL_afJG0gB61JA\"><div id=\"lyte_afJG0gB61JA\" data-src=\"https:\/\/carmegalache.com\/wp-content\/plugins\/wp-youtube-lyte\/lyteCache.php?origThumbUrl=%2F%2Fi.ytimg.com%2Fvi%2FafJG0gB61JA%2Fhqdefault.jpg\" class=\"pL\"><div class=\"tC\"><div class=\"tT\"><\/div><\/div><div class=\"play\"><\/div><div class=\"ctrl\"><div class=\"Lctrl\"><\/div><div class=\"Rctrl\"><\/div><\/div><\/div><noscript><a href=\"https:\/\/youtu.be\/afJG0gB61JA\" rel=\"nofollow\"><img loading=\"lazy\" decoding=\"async\" src=\"https:\/\/carmegalache.com\/wp-content\/plugins\/wp-youtube-lyte\/lyteCache.php?origThumbUrl=https%3A%2F%2Fi.ytimg.com%2Fvi%2FafJG0gB61JA%2F0.jpg\" alt=\"YouTube video thumbnail\" width=\"420\" height=\"295\" \/><br \/>Watch this video on YouTube<\/a><\/noscript><\/div><\/div><div class=\"lL\" style=\"max-width:100%;width:420px;margin:5px;\"><\/div><\/div>\n                <\/div><div id=\"text_block-101-1949\" class=\"ct-text-block\" >Esclava fabricada a partir d'antigues joies de plata<\/div><\/div><div id=\"div_block-97-1949\" class=\"ct-div-block\" ><div id=\"video-98-1949\" class=\"ct-video\" >\n                <div class=\"oxygen-vsb-responsive-video-wrapper\"><div class=\"lyte-wrapper fourthree\" style=\"width:420px;max-width:100%;margin:5px;\"><div class=\"lyMe\" id=\"WYL_Nw0o0vfdBXc\"><div id=\"lyte_Nw0o0vfdBXc\" data-src=\"https:\/\/carmegalache.com\/wp-content\/plugins\/wp-youtube-lyte\/lyteCache.php?origThumbUrl=%2F%2Fi.ytimg.com%2Fvi%2FNw0o0vfdBXc%2Fhqdefault.jpg\" class=\"pL\"><div class=\"tC\"><div class=\"tT\"><\/div><\/div><div class=\"play\"><\/div><div class=\"ctrl\"><div class=\"Lctrl\"><\/div><div class=\"Rctrl\"><\/div><\/div><\/div><noscript><a href=\"https:\/\/youtu.be\/Nw0o0vfdBXc\" rel=\"nofollow\"><img loading=\"lazy\" decoding=\"async\" src=\"https:\/\/carmegalache.com\/wp-content\/plugins\/wp-youtube-lyte\/lyteCache.php?origThumbUrl=https%3A%2F%2Fi.ytimg.com%2Fvi%2FNw0o0vfdBXc%2F0.jpg\" alt=\"YouTube video thumbnail\" width=\"420\" height=\"295\" \/><br \/>Watch this video on YouTube<\/a><\/noscript><\/div><\/div><div class=\"lL\" style=\"max-width:100%;width:420px;margin:5px;\"><\/div><\/div>\n                <\/div><div id=\"text_block-102-1949\" class=\"ct-text-block\" >Torcs de plata per a Julia. Amb terminals R\u00e8plica Ref Cangas d'On\u00eds<\/div><\/div><\/div><\/div><\/div><\/section>","protected":false},"excerpt":{"rendered":"","protected":false},"author":3,"featured_media":0,"parent":0,"menu_order":0,"comment_status":"closed","ping_status":"closed","template":"","meta":{"inline_featured_image":false,"footnotes":""},"class_list":["post-1945","page","type-page","status-publish","hentry"],"aioseo_notices":[],"_links":{"self":[{"href":"https:\/\/carmegalache.com\/ca\/wp-json\/wp\/v2\/pages\/1945","targetHints":{"allow":["GET"]}}],"collection":[{"href":"https:\/\/carmegalache.com\/ca\/wp-json\/wp\/v2\/pages"}],"about":[{"href":"https:\/\/carmegalache.com\/ca\/wp-json\/wp\/v2\/types\/page"}],"author":[{"embeddable":true,"href":"https:\/\/carmegalache.com\/ca\/wp-json\/wp\/v2\/users\/3"}],"replies":[{"embeddable":true,"href":"https:\/\/carmegalache.com\/ca\/wp-json\/wp\/v2\/comments?post=1945"}],"version-history":[{"count":38,"href":"https:\/\/carmegalache.com\/ca\/wp-json\/wp\/v2\/pages\/1945\/revisions"}],"predecessor-version":[{"id":2142,"href":"https:\/\/carmegalache.com\/ca\/wp-json\/wp\/v2\/pages\/1945\/revisions\/2142"}],"wp:attachment":[{"href":"https:\/\/carmegalache.com\/ca\/wp-json\/wp\/v2\/media?parent=1945"}],"curies":[{"name":"wp","href":"https:\/\/api.w.org\/{rel}","templated":true}]}}