{"id":50,"date":"2024-09-20T10:04:51","date_gmt":"2024-09-20T08:04:51","guid":{"rendered":"https:\/\/carmegalache.com\/?page_id=50"},"modified":"2025-07-29T10:50:00","modified_gmt":"2025-07-29T08:50:00","slug":"aviso-legal-y-condiciones-de-uso","status":"publish","type":"page","link":"https:\/\/carmegalache.com\/ca\/aviso-legal-y-condiciones-de-uso\/","title":{"rendered":"AV\u00cdS LEGAL I CONDICIONS GENERALS D'\u00daS"},"content":{"rendered":"\n<h3 class=\"wp-block-heading\"><strong>AV\u00cdS LEGAL I CONDICIONS GENERALS D'\u00daS<\/strong> <\/h3>\n\n\n\n<p>www.carmegalache.com<\/p>\n\n\n\n<h3 class=\"wp-block-heading\"><strong>I. INFORMACI\u00d3 GENERAL<\/strong><\/h3>\n\n\n\n<p>En compliment amb el deure informaci\u00f3 disposat a la Llei 34\/2002 de Serveis de la Societat de la Informaci\u00f3 i el Comer\u00e7 Electr\u00f2nic (LSSI-CE) d'11 de juliol, es faciliten a continuaci\u00f3 les dades d'informaci\u00f3 general seg\u00fcents d'aquest lloc web :<\/p>\n\n\n\n<p>La titularitat d'aquest lloc web, [www.carmegalache.com, (d'ara endavant, Lloc Web) l'ostenta: <strong>Carme Galache Ayala<\/strong>, amb NIF: <strong>46356933L<\/strong>, i les dades de contacte de les quals s\u00f3n:<\/p>\n\n\n\n<p>Tel\u00e8fon de contacte: \u202a+34 \u00a0697\u00a061\u00a000\u00a086\u202c<\/p>\n\n\n\n<p>Email de contacte: <strong>carmegalache@carmegalache.com<\/strong><br><\/p>\n\n\n\n<h3 class=\"wp-block-heading\"><strong>II. TERMES I CONDICIONS GENERALS D'\u00daS<\/strong><\/h3>\n\n\n\n<h4 class=\"wp-block-heading\"><strong>L'objecte de les condicions: El Lloc Web<\/strong><\/h4>\n\n\n\n<p>L'objecte d'aquestes Condicions Generals d'\u00das (d'ara endavant, Condicions) \u00e9s regular l'acc\u00e9s i la utilitzaci\u00f3 del Lloc Web. Als efectes de les presents Condicions s'entendr\u00e0 com a Lloc Web: l'aparen\u00e7a externa de les interf\u00edcies de pantalla, tant de forma est\u00e0tica com de forma din\u00e0mica, \u00e9s a dir, l'arbre de navegaci\u00f3; i tots els elements integrats tant a les interf\u00edcies de pantalla com a l'arbre de navegaci\u00f3 (d'ara endavant, Continguts) i tots aquells serveis o recursos en l\u00ednia que si escau ofereixi als Usuaris (d'ara endavant, Serveis).<\/p>\n\n\n\n<p><strong>Carme Galache Jewelry & Ceramics <\/strong>es reserva la facultat de modificar, en qualsevol moment, i sense av\u00eds previ, la presentaci\u00f3 i configuraci\u00f3 del Lloc Web i dels Continguts i Serveis que hi poguessin estar incorporats. L'Usuari reconeix i accepta que en qualsevol moment <strong>Carme Galache Jewelry & Ceramics <\/strong>pugui interrompre, desactivar i\/o cancel\u00b7lar qualsevol d'aquests elements que s'integren al Lloc Web o accedir-hi.<\/p>\n\n\n\n<p>L'acc\u00e9s al Lloc Web per l'Usuari t\u00e9 car\u00e0cter lliure i, per regla general, \u00e9s gratu\u00eft sense que l'Usuari hagi de proporcionar una contraprestaci\u00f3 per poder-ne gaudir, llevat del cost de connexi\u00f3 a trav\u00e9s de la xarxa de telecomunicacions subministrada pel prove\u00efdor d'acc\u00e9s que hagi contractat l'usuari.<\/p>\n\n\n\n<p>La utilitzaci\u00f3 d'algun dels continguts o serveis del lloc web es pot fer mitjan\u00e7ant la subscripci\u00f3 o el registre previ de l'usuari.<br><\/p>\n\n\n\n<h4 class=\"wp-block-heading\"><strong>L'Usuari<\/strong><\/h4>\n\n\n\n<p>L'acc\u00e9s, la navegaci\u00f3 i l'\u00fas del Lloc Web, aix\u00ed com pels espais habilitats per interactuar entre els Usuaris, i l'Usuari i <strong>Carme Galache Jewelry & Ceramics<\/strong>, com els comentaris i\/o espais de blogging, confereix la condici\u00f3 d'Usuari, per la qual cosa s'accepten, des que s'inicia la navegaci\u00f3 pel Lloc Web, totes les Condicions aqu\u00ed establertes, aix\u00ed com les seves modificacions ulteriors, sense perjudici de la aplicaci\u00f3 de la corresponent normativa legal de compliment obligat segons el cas. Atesa la rellev\u00e0ncia de l'anterior, es recomana a l'Usuari llegir-les cada vegada que visiteu el Lloc Web.<br><\/p>\n\n\n\n<p>El Lloc Web de <strong>Carme Galache Jewelry & Ceramics <\/strong>proporciona una gran diversitat d'informaci\u00f3, serveis i dades. L'Usuari assumeix la seva responsabilitat per fer un \u00fas correcte del Lloc Web. Aquesta responsabilitat s'estendr\u00e0 a:<\/p>\n\n\n\n<ul class=\"wp-block-list\">\n<li>Un \u00fas de la informaci\u00f3, Continguts i\/o Serveis i dades ofertes per <strong>Carme Galache Jewelry & Ceramics <\/strong>sense que sigui contrari al que disposen aquestes Condicions, la Llei, la moral o l'ordre p\u00fablic, o que de qualsevol altra manera puguin suposar lesi\u00f3 dels drets de tercers o del mateix funcionament del Lloc Web.<\/li>\n\n\n\n<li>La veracitat i licitud de les informacions aportades per l'Usuari als formularis estesos per <strong>Carme Galache Jewelry & Ceramics <\/strong>per a l'acc\u00e9s a certs continguts o serveis oferts pel Lloc Web. En tot cas, l'Usuari notificar\u00e0 de forma immediata a <strong>Carme Galache Jewelry & Ceramics <\/strong>sobre qualsevol fet que permeti l'\u00fas indegut de la informaci\u00f3 registrada en aquests formularis, com ara, per\u00f2 no nom\u00e9s, el robatori, p\u00e8rdua, o l'acc\u00e9s no autoritzat a identificadors i\/o contrasenyes, per tal de procedir a cancel\u00b7lar-la immediatament .<\/li>\n<\/ul>\n\n\n\n<p><strong>Carme Galache Jewelry & Ceramics <\/strong>es reserva el dret de retirar tots aquells comentaris i aportacions que vulnerin la llei, el respecte a la dignitat de la persona, que siguin discriminatoris, xen\u00f2fobs, racistes, pornogr\u00e0fics, spamming, que atemptin contra la joventut o la inf\u00e0ncia, l'ordre o la seguretat p\u00fablica o que, a parer seu, no resultessin adequats per a la seva publicaci\u00f3.<\/p>\n\n\n\n<p>En qualsevol cas, <strong>Carme Galache Jewelry & Ceramics <\/strong>no ser\u00e0 responsable de les opinions abocades pels Usuaris a trav\u00e9s de comentaris o altres eines de blogging o de participaci\u00f3 que hi pugui haver.<\/p>\n\n\n\n<p>El mer acc\u00e9s a aquest Lloc Web no suposa entaular cap tipus de relaci\u00f3 de car\u00e0cter comercial entre<strong>Carme Galache Jewelry & Ceramics <\/strong>i l'Usuari.<\/p>\n\n\n\n<p>L'Usuari declara que \u00e9s m\u00e9s gran i disposar de la capacitat jur\u00eddica suficient per vincular-se per aquestes Condicions. Per tant, aquest Lloc Web de <strong>Carme Galache Jewelry & Ceramics <\/strong>no s'adre\u00e7a a menors. <strong>Carme Galache Jewelry & Ceramics <\/strong>declina qualsevol responsabilitat per incomplir aquest requisit.<\/p>\n\n\n\n<p>El Lloc Web est\u00e0 dirigit principalment a Usuaris residents a. <strong>Carme Galache Jewelry & Ceramics <\/strong>no assegura que el Lloc Web compleixi amb legislacions d'altres pa\u00efsos, ja sigui totalment o parcialment. Si l'Usuari resideix o t\u00e9 el domiciliat en un altre lloc i decideix accedir i\/o navegar al Lloc Web ho far\u00e0 sota la seva pr\u00f2pia responsabilitat, assegureu-vos que aquest acc\u00e9s i navegaci\u00f3 compleix amb la legislaci\u00f3 local que us \u00e9s aplicable, no assumint <strong>Carme Galache Jewelry & Ceramics <\/strong>cap responsabilitat que se'n pugui derivar.<\/p>\n\n\n\n<h3 class=\"wp-block-heading\"><strong>III. ACC\u00c9S I NAVEGACI\u00d3 AL LLOC WEB: EXCLUSI\u00d3 DE GARANTIES I RESPONSABILITAT<\/strong><\/h3>\n\n\n\n<p><strong>Carme Galache Jewelry & Ceramics <\/strong>no garanteix la continu\u00eftat, disponibilitat i utilitat del Lloc Web, ni dels Continguts o Serveis. <strong>Carme Galache Jewelry & Ceramics <\/strong>far\u00e0 tot el possible pel bon funcionament del Lloc Web, per\u00f2, no es responsabilitza ni garanteix que l'acc\u00e9s a aquest Lloc Web no sigui ininterromput o que estigui lliure d'error.<\/p>\n\n\n\n<p>Tampoc no es responsabilitza o garanteix que el contingut o programari al qual es pugui accedir a trav\u00e9s d'aquest Lloc Web, estigui lliure d'error o causi un dany al sistema inform\u00e0tic (programari i maquinari) de l'Usuari. En cap cas <strong>Carme Galache Jewelry & Ceramics <\/strong>ser\u00e0 responsable per les p\u00e8rdues, danys o perjudicis de qualsevol tipus que sorgeixin per l'acc\u00e9s, la navegaci\u00f3 i l'\u00fas del Lloc Web, incloent-hi, per\u00f2 no limitant-se, els ocasionats als sistemes inform\u00e0tics o els provocats per la introducci\u00f3 de virus.<\/p>\n\n\n\n<p><strong>Carme Galache Jewelry & Ceramics <\/strong>tampoc no es fa responsable dels danys que poguessin ocasionar-se als usuaris per un \u00fas inadequat d'aquest Lloc Web. En particular, no es fa responsable de cap manera de les caigudes, interrupcions, falta o defecte de les telecomunicacions que poguessin oc\u00f3rrer.<\/p>\n\n\n\n<h3 class=\"wp-block-heading\"><strong>IV. POL\u00cdTICA D'ENLLA\u00c7OS<\/strong><\/h3>\n\n\n\n<p>S'informa que el Lloc Web de <strong>Carme Galache Jewelry & Ceramics <\/strong>posa o pot posar a disposici\u00f3 dels usuaris mitjans d'enlla\u00e7 (com, entre d'altres, links, banners, botons), directoris i motors de cerca que permeten als usuaris accedir a llocs web pertanyents i\/o gestionats per tercers.<\/p>\n\n\n\n<p>La instal\u00b7laci\u00f3 d'aquests enlla\u00e7os, directoris i motors de cerca al Lloc Web t\u00e9 per objecte facilitar als Usuaris la cerca de i acc\u00e9s a la informaci\u00f3 disponible a Internet, sense que es pugui considerar un suggeriment, recomanaci\u00f3 o invitaci\u00f3 per a la visita dels mateixos.<\/p>\n\n\n\n<p><strong>Carme Galache Jewelry & Ceramics <\/strong>no ofereix ni comercialitza per si mateix ni per mitj\u00e0 de tercers els productes i\/o serveis disponibles en aquests llocs enlla\u00e7ats.<\/p>\n\n\n\n<p>Aix\u00ed mateix, tampoc garantir\u00e0 la disponibilitat t\u00e8cnica, exactitud, veracitat, validesa o legalitat de llocs aliens a la seva propietat a qu\u00e8 es pugui accedir per mitj\u00e0 dels enlla\u00e7os.<\/p>\n\n\n\n<p><strong>Carme Galache Jewelry & Ceramics <\/strong>en cap cas revisar\u00e0 o controlar\u00e0 el contingut d'altres llocs web, aix\u00ed com tampoc aprova, examina ni fa propis els productes i serveis, continguts, arxius i qualsevol altre material existent als referits llocs enlla\u00e7ats.<\/p>\n\n\n\n<p><strong>Carme Galache Jewelry & Ceramics <\/strong>no assumeix cap responsabilitat pels danys i perjudicis que poguessin produir-se per l'acc\u00e9s, \u00fas, qualitat o licitud dels continguts, comunicacions, opinions, productes i serveis dels llocs web no gestionats per <strong>Carme Galache Jewelry & Ceramics <\/strong>i que siguin enlla\u00e7ats en aquest Lloc Web.<\/p>\n\n\n\n<p>L'Usuari o tercer que faci un hiperenlla\u00e7 des d'una p\u00e0gina web d'un altre, diferent, lloc web al Lloc Web de <strong>Carme Galache Jewelry & Ceramics <\/strong>haur\u00e0 de saber que:<\/p>\n\n\n\n<p>No es permet la reproducci\u00f3 \u2014totalment o parcialment\u2014 de cap dels Continguts i\/o Serveis del Lloc Web sense autoritzaci\u00f3 expressa de <strong>Carme Galache Jewelry & Ceramics<\/strong>.<\/p>\n\n\n\n<p>No es permet tampoc cap manifestaci\u00f3 falsa, inexacta o incorrecta sobre el Lloc Web de <strong>Carme Galache Jewelry & Ceramics<\/strong>, ni sobre els Continguts i\/o Serveis del mateix.<\/p>\n\n\n\n<p>A excepci\u00f3 de l'hiperenlla\u00e7, el lloc web en qu\u00e8 s'estableixi aquest hiperenlla\u00e7 no contindr\u00e0 cap element, d'aquest Lloc Web, protegit com a propietat intel\u00b7lectual per l'ordenament jur\u00eddic espanyol, excepte autoritzaci\u00f3 expressa de <strong>Carme Galache Jewelry & Ceramics<\/strong>.<\/p>\n\n\n\n<p>L'establiment de l'hipervincle no implicar\u00e0 l'exist\u00e8ncia de relacions entre [<strong>Carme Galache Jewelry & Ceramics <\/strong>i el titular del lloc web des del qual es realitzi, ni el coneixement i acceptaci\u00f3 de <strong>Carme Galache Jewelry & Ceramics <\/strong>dels continguts, serveis i\/o activitats ofertes en aquest lloc web, i viceversa.<\/p>\n\n\n\n<h3 class=\"wp-block-heading\"><strong>V. PROPIETAT INTEL\u00b7LECTUAL I INDUSTRIAL<\/strong><\/h3>\n\n\n\n<p><strong>Carme Galache Jewelry & Ceramics <\/strong>per si o com a part cession\u00e0ria, \u00e9s titular de tots els drets de propietat intel\u00b7lectual i industrial del Lloc Web, aix\u00ed com dels elements continguts en aquest (a t\u00edtol enunciatiu i no exhaustiu, imatges, so, \u00e0udio, v\u00eddeo, programari o textos , marques o logotips, combinacions de colors, estructura i disseny, selecci\u00f3 de materials usats, programes dordinador necessaris per al seu funcionament, acc\u00e9s i \u00fas, etc.). Seran, per tant, obres protegides com a propietat intel\u00b7lectual per l'ordenament jur\u00eddic espanyol, i els seran aplicables tant la normativa espanyola i comunit\u00e0ria en aquest camp, com els tractats internacionals relatius a la mat\u00e8ria i subscrits per Espanya.<\/p>\n\n\n\n<p>Tots els drets reservats. En virtut del que disposa la Llei de propietat intel\u00b7lectual, queden expressament prohibides la reproducci\u00f3, la distribuci\u00f3 i la comunicaci\u00f3 p\u00fablica, inclosa la seva modalitat de posada a disposici\u00f3, de la totalitat o part dels continguts d'aquesta p\u00e0gina web, amb fins comercials, en qualsevol suport i per qualsevol mitj\u00e0 t\u00e8cnic, sense l'autoritzaci\u00f3 de <strong>Carme Galache Jewelry & Ceramics<\/strong>.<\/p>\n\n\n\n<p>L'Usuari es compromet a respectar els drets de propietat intel\u00b7lectual i industrial de <strong>Carme Galache Jewelry & Ceramics<\/strong>. Podreu visualitzar els elements del Lloc Web o fins i tot imprimir-los, copiar-los i emmagatzemar-los al disc dur del vostre ordinador o en qualsevol altre suport f\u00edsic sempre que sigui, exclusivament, per al seu \u00fas personal. L'Usuari, per\u00f2, no podr\u00e0 suprimir, alterar, o manipular qualsevol dispositiu de protecci\u00f3 o sistema de seguretat que estigu\u00e9s instal\u00b7lat al Lloc Web.<\/p>\n\n\n\n<p>En cas que l'Usuari o tercer consideri que qualsevol dels Continguts del Lloc Web suposi una violaci\u00f3 dels drets de protecci\u00f3 de la propietat intel\u00b7lectual, ho haur\u00e0 de comunicar immediatament a <strong>Carme Galache Jewelry & Ceramics <\/strong>a trav\u00e9s de les dades de contacte de l\u00b4apartat d\u00b4INFORMACI\u00d3 GENERAL d\u00b4aquest Av\u00eds Legal i Condicions Generals d\u00b4\u00das.<\/p>\n\n\n\n<h3 class=\"wp-block-heading\"><strong>VI. ACCIONS LEGALS, LEGISLACI\u00d3 APLICABLE I JURISDICCI\u00d3<\/strong><\/h3>\n\n\n\n<p><strong>Carme Galache Jewelry & Ceramics <\/strong>es reserva la facultat de presentar les accions civils o penals que consideri necess\u00e0ries per la utilitzaci\u00f3 indeguda del Lloc Web i Continguts, o per l'incompliment de les presents Condicions.<\/p>\n\n\n\n<p>La relaci\u00f3 entre l'Usuari i <strong>Carme Galache Jewelry & Ceramics <\/strong>es regir\u00e0 per la normativa vigent i aplicable al territori espanyol. Si sorgeix qualsevol controv\u00e8rsia en relaci\u00f3 amb la interpretaci\u00f3 i\/o l'aplicaci\u00f3 d'aquestes Condicions, les parts sotmetran els seus conflictes a la jurisdicci\u00f3 ordin\u00e0ria sotmetent-se als jutges i tribunals que corresponguin d'acord amb el dret.<br><\/p>\n","protected":false},"excerpt":{"rendered":"<p>AV\u00cdS LEGAL I CONDICIONS GENERALS D'\u00daS www.carmegalache.com I. INFORMACI\u00d3 GENERAL En compliment amb el deure informaci\u00f3 disposat a la Llei 34\/2002 de Serveis de la Societat de la Informaci\u00f3 i el Comer\u00e7 Electr\u00f2nic (LSSI-CE) d'11 de juliol, es faciliten a continuaci\u00f3 les dades d'informaci\u00f3 general seg\u00fcents d'aquest lloc web : La titularitat d'aquest lloc web, [&hellip;]<\/p>\n","protected":false},"author":1,"featured_media":0,"parent":0,"menu_order":0,"comment_status":"closed","ping_status":"closed","template":"","meta":{"inline_featured_image":false,"footnotes":""},"class_list":["post-50","page","type-page","status-publish","hentry"],"aioseo_notices":[],"_links":{"self":[{"href":"https:\/\/carmegalache.com\/ca\/wp-json\/wp\/v2\/pages\/50","targetHints":{"allow":["GET"]}}],"collection":[{"href":"https:\/\/carmegalache.com\/ca\/wp-json\/wp\/v2\/pages"}],"about":[{"href":"https:\/\/carmegalache.com\/ca\/wp-json\/wp\/v2\/types\/page"}],"author":[{"embeddable":true,"href":"https:\/\/carmegalache.com\/ca\/wp-json\/wp\/v2\/users\/1"}],"replies":[{"embeddable":true,"href":"https:\/\/carmegalache.com\/ca\/wp-json\/wp\/v2\/comments?post=50"}],"version-history":[{"count":89,"href":"https:\/\/carmegalache.com\/ca\/wp-json\/wp\/v2\/pages\/50\/revisions"}],"predecessor-version":[{"id":2419,"href":"https:\/\/carmegalache.com\/ca\/wp-json\/wp\/v2\/pages\/50\/revisions\/2419"}],"wp:attachment":[{"href":"https:\/\/carmegalache.com\/ca\/wp-json\/wp\/v2\/media?parent=50"}],"curies":[{"name":"wp","href":"https:\/\/api.w.org\/{rel}","templated":true}]}}