{"id":70,"date":"2024-09-20T10:54:32","date_gmt":"2024-09-20T08:54:32","guid":{"rendered":"https:\/\/carmegalache.com\/?page_id=70"},"modified":"2025-03-18T23:26:40","modified_gmt":"2025-03-18T22:26:40","slug":"politica-de-cookies","status":"publish","type":"page","link":"https:\/\/carmegalache.com\/ca\/politica-de-cookies\/","title":{"rendered":"Pol\u00edtica de Cookies"},"content":{"rendered":"\r\n<h2 class=\"wp-block-heading\">POL\u00cdTICA DE COOKIES<\/h2>\r\n\r\n\r\n\r\n<p><b>www.carmegalache.com<\/b><\/p>\r\n\r\n\r\n\r\n<p>L'acc\u00e9s a aquest Lloc Web pot implicar la utilitzaci\u00f3 de cookies. Les cookies s\u00f3n petites quantitats d'informaci\u00f3 que s'emmagatzemen al navegador utilitzat per cada Usuari -en els diferents dispositius que pugui utilitzar per navegar- perqu\u00e8 el servidor recordi certa informaci\u00f3 que posteriorment i \u00fanicament el servidor que la va implementar llegir\u00e0. Les cookies faciliten la navegaci\u00f3, la fan m\u00e9s amigable, i no fan malb\u00e9 el dispositiu de navegaci\u00f3.<\/p>\r\n\r\n\r\n\r\n<p>Les cookies s\u00f3n procediments autom\u00e0tics de recollida d'informaci\u00f3 relativa a les prefer\u00e8ncies determinades per l'Usuari durant la visita al Lloc Web per tal de recon\u00e8ixer-lo com a Usuari, i personalitzar la seva experi\u00e8ncia i l'\u00fas del Lloc Web, i tamb\u00e9 poden, per exemple, ajudar a identificar i resoldre errors.<\/p>\r\n\r\n\r\n\r\n<p>La informaci\u00f3 recollida a trav\u00e9s de les cookies pot incloure la data i hora de visites al Lloc Web, les p\u00e0gines visionades, el temps que ha estat al Lloc Web i els llocs visitats just abans i despr\u00e9s. Tot i aix\u00f2, cap cookie permet que aquesta mateixa pugui contactar amb el n\u00famero de tel\u00e8fon de l'Usuari o amb qualsevol altre mitj\u00e0 de contacte personal. Cap cookie no pot extreure informaci\u00f3 del disc dur de l'Usuari o robar informaci\u00f3 personal. L'\u00fanica manera que la informaci\u00f3 privada de l'Usuari formi part del fitxer Cookie \u00e9s que l'usuari doni personalment aquesta informaci\u00f3 al servidor.<\/p>\r\n\r\n\r\n\r\n<p>Les cookies que permeten identificar una persona es consideren dades personals. Per tant, a les mateixes els ser\u00e0 aplicable la Pol\u00edtica de Privadesa anteriorment descrita. En aquest sentit, per utilitzar-les ser\u00e0 necessari el consentiment de l'Usuari. Aquest consentiment ser\u00e0 comunicat, en base a una elecci\u00f3 aut\u00e8ntica, ofert mitjan\u00e7ant una decisi\u00f3 afirmativa i positiva, abans del tractament inicial, removible i documentat.<\/p>\r\n\r\n\r\n\r\n<h4 class=\"wp-block-heading\">Cookies pr\u00f2pies<\/h4>\r\n\r\n\r\n\r\n<p>S\u00f3n aquelles cookies que s\u00f3n enviades a l'ordinador o dispositiu de l'Usuari i gestionades exclusivament per <b>Carme Galache Jewelry & Ceramics <\/b>per al millor funcionament del Lloc Web. La informaci\u00f3 que es recull s'empra per millorar la qualitat del Lloc Web i el seu Contingut i la seva experi\u00e8ncia com a Usuari. Aquestes cookies permeten recon\u00e8ixer l'Usuari com a visitant recurrent del Lloc Web i adaptar el contingut per oferir continguts que s'ajustin a les seves prefer\u00e8ncies.<\/p>\r\n\r\n\r\n\r\n<h4 class=\"wp-block-heading\">Cookies de tercers<\/h4>\r\n\r\n\r\n\r\n<p>S\u00f3n cookies utilitzades i gestionades per entitats externes que proporcionen <b>Carme Galache Jewelry & Ceramics <\/b>serveis sol\u00b7licitats per aquest mateix per millorar el Lloc Web i l'experi\u00e8ncia de l'usuari en navegar al Lloc Web. Els objectius principals per als quals s'utilitzen cookies de tercers s\u00f3n l'obtenci\u00f3 d'estad\u00edstiques d'accessos i analitzar la informaci\u00f3 de la navegaci\u00f3, \u00e9s a dir, com interactua l'Usuari amb el Lloc Web.<\/p>\r\n\r\n\r\n\r\n<p>La informaci\u00f3 que s'obt\u00e9 es refereix, per exemple, al nombre de p\u00e0gines visitades, l'idioma, el lloc on l'adre\u00e7a IP des del qual accedeix l'Usuari, el nombre d'Usuaris que hi accedeixen, la freq\u00fc\u00e8ncia i la reincid\u00e8ncia de les visites, el temps de visita, el navegador que usen, l'operador o tipus de dispositiu des del qual es fa la visita. Aquesta informaci\u00f3 es fa servir per millorar el Lloc Web, i detectar noves necessitats per oferir als Usuaris un Contingut i\/o servei d'\u00f2ptima qualitat. En tot cas, la informaci\u00f3 es recopila de forma an\u00f2nima i s'elaboren informes de tend\u00e8ncies del Lloc Web sense identificar usuaris individuals.<\/p>\r\n\r\n\r\n\r\n<p>Podeu obtenir m\u00e9s informaci\u00f3 sobre les cookies, la informaci\u00f3 sobre la privadesa, o consultar la descripci\u00f3 del tipus de galetes que s'utilitza, les seves principals caracter\u00edstiques, per\u00edode d'expiraci\u00f3, etc. en el seg\u00fcent(s) enlla\u00e7(s):<\/p>\r\n\r\n\r\n\r\n<pre class=\"wp-block-preformatted\">Google Analytics: https:\/\/developers.google.com\/analytics\/<\/pre>\r\n\r\n\r\n\r\n<p>L'entitat(s) encarregada(es) del subministrament de cookies podr\u00e0(n) cedir aquesta informaci\u00f3 a tercers, sempre que ho exigeixi la llei o sigui un tercer el que processi aquesta informaci\u00f3 per a aquestes entitats.<\/p>\r\n\r\n\r\n\r\n<h4 class=\"wp-block-heading\">Cookies de xarxes socials<\/h4>\r\n\r\n\r\n\r\n<p><b>Carme Galache Jewelry & Ceramics <\/b>incorpora plugins de xarxes socials, que permeten accedir-hi a partir del Lloc Web. Per aquesta ra\u00f3, les cookies de xarxes socials es poden emmagatzemar al navegador de l'Usuari. Els titulars de les xarxes socials esmentades disposen de les seves pr\u00f2pies pol\u00edtiques de protecci\u00f3 de dades i de cookies, sent ells mateixos, en cada cas, responsables dels seus propis fitxers i de les seves pr\u00f2pies pr\u00e0ctiques de privadesa. L'Usuari ha de referir-s'hi per informar-se sobre aquestes cookies i, si escau, del tractament de les seves dades personals. \u00danicament a t\u00edtol informatiu s'indiquen a continuaci\u00f3 els enlla\u00e7os en qu\u00e8 es poden consultar aquestes pol\u00edtiques de privadesa i\/o de cookies:<\/p>\r\n\r\n\r\n\r\n<ul class=\"wp-block-list\">\r\n<li>Facebook:\u00a0<a href=\"https:\/\/www.facebook.com\/policies\/cookies\/\">https:\/\/www.facebook.com\/policies\/cookies\/<\/a><\/li>\r\n\r\n\r\n\r\n<li>Twitter:\u00a0<a href=\"https:\/\/twitter.com\/es\/privacy\">https:\/\/twitter.com\/es\/privacy<\/a><\/li>\r\n\r\n\r\n\r\n<li>Instagram:\u00a0<a href=\"https:\/\/help.instagram.com\/1896641480634370?ref=ig\">https:\/\/help.instagram.com\/1896641480634370?ref=ig<\/a><\/li>\r\n\r\n\r\n\r\n<li>YouTube:\u00a0<a href=\"https:\/\/policies.google.com\/privacy?hl=es-419&gl=mx\">https:\/\/policies.google.com\/privacy?hl=ca-419&gl=mx<\/a><\/li>\r\n\r\n\r\n\r\n<li>Pinterest:\u00a0<a href=\"https:\/\/policy.pinterest.com\/es\/privacy-policy\">https:\/\/policy.pinterest.com\/es\/privacy-policy<\/a><\/li>\r\n\r\n\r\n\r\n<li>LinkedIn:\u00a0<a href=\"https:\/\/www.linkedin.com\/legal\/cookie-policy?trk=hp-cookies\">https:\/\/www.linkedin.com\/legal\/cookie-policy?trk=hp-cookies<\/a><\/li>\r\n<\/ul>\r\n\r\n\r\n\r\n<h4 class=\"wp-block-heading\">Deshabilitar, rebutjar i eliminar cookies<\/h4>\r\n\r\n\r\n\r\n<p>L'Usuari pot deshabilitar, rebutjar i eliminar les cookies \u2014totalment o parcialment\u2014 instal\u00b7lades al dispositiu mitjan\u00e7ant la configuraci\u00f3 del vostre navegador (entre els quals es troben, per exemple, Chrome, Firefox, Safari, Explorer). En aquest sentit, els procediments per rebutjar i eliminar les cookies poden diferir d'un navegador d'Internet a un altre. En conseq\u00fc\u00e8ncia, l'Usuari ha d'acudir a les instruccions facilitades pel navegador d'Internet mateix que utilitzi. En cas que rebutgi l'\u00fas de cookies \u2014totalment o parcialment\u2014 podr\u00e0 continuar usant el Lloc Web, si b\u00e9 podr\u00e0 tenir limitada la utilitzaci\u00f3 d'algunes de les prestacions del mateix.<\/p>\r\n\r\n\r\n\r\n<p>&nbsp;<\/p>\r\n","protected":false},"excerpt":{"rendered":"<p>POL\u00cdTICA DE COOKIES www.carmegalache.com L'acc\u00e9s a aquest Lloc Web pot implicar la utilitzaci\u00f3 de cookies. Les cookies s\u00f3n petites quantitats d'informaci\u00f3 que s'emmagatzemen al navegador utilitzat per cada Usuari -en els diferents dispositius que pugui utilitzar per navegar- perqu\u00e8 el servidor recordi certa informaci\u00f3 que posteriorment i \u00fanicament el servidor que la va implementar llegir\u00e0. [&hellip;]<\/p>\n","protected":false},"author":1,"featured_media":0,"parent":0,"menu_order":0,"comment_status":"closed","ping_status":"closed","template":"","meta":{"inline_featured_image":false,"footnotes":""},"class_list":["post-70","page","type-page","status-publish","hentry"],"aioseo_notices":[],"_links":{"self":[{"href":"https:\/\/carmegalache.com\/ca\/wp-json\/wp\/v2\/pages\/70","targetHints":{"allow":["GET"]}}],"collection":[{"href":"https:\/\/carmegalache.com\/ca\/wp-json\/wp\/v2\/pages"}],"about":[{"href":"https:\/\/carmegalache.com\/ca\/wp-json\/wp\/v2\/types\/page"}],"author":[{"embeddable":true,"href":"https:\/\/carmegalache.com\/ca\/wp-json\/wp\/v2\/users\/1"}],"replies":[{"embeddable":true,"href":"https:\/\/carmegalache.com\/ca\/wp-json\/wp\/v2\/comments?post=70"}],"version-history":[{"count":24,"href":"https:\/\/carmegalache.com\/ca\/wp-json\/wp\/v2\/pages\/70\/revisions"}],"predecessor-version":[{"id":1855,"href":"https:\/\/carmegalache.com\/ca\/wp-json\/wp\/v2\/pages\/70\/revisions\/1855"}],"wp:attachment":[{"href":"https:\/\/carmegalache.com\/ca\/wp-json\/wp\/v2\/media?parent=70"}],"curies":[{"name":"wp","href":"https:\/\/api.w.org\/{rel}","templated":true}]}}