{"id":93,"date":"2024-09-20T11:23:46","date_gmt":"2024-09-20T09:23:46","guid":{"rendered":"https:\/\/carmegalache.com\/?page_id=93"},"modified":"2025-07-29T10:52:12","modified_gmt":"2025-07-29T08:52:12","slug":"declaracion-de-accesibilidad","status":"publish","type":"page","link":"https:\/\/carmegalache.com\/ca\/declaracion-de-accesibilidad\/","title":{"rendered":"Declaraci\u00f3 d'Accessibilitat"},"content":{"rendered":"\n<h2 class=\"wp-block-heading\"><strong>DECLARACI\u00d3 D'ACCESSIBILITAT<\/strong><\/h2>\n\n\n\n<p><b>www.carmegalache.com<\/b><\/p>\n\n\n\n<h4 class=\"wp-block-heading\"><strong>Situaci\u00f3 de compliment<\/strong><\/h4>\n\n\n\n<p><strong>www.carmegalache.com <\/strong>(d'ara endavant, tamb\u00e9 Lloc Web) \u00e9s parcialment conforme amb el Reial Decret 1112\/2018, de 7 de setembre, a causa de la manca de conformitat dels aspectes que s'indiquen a continuaci\u00f3.<\/p>\n\n\n\n<h4 class=\"wp-block-heading\"><strong>Contingut no accessible<\/strong><\/h4>\n\n\n\n<p>El contingut que es recull a continuaci\u00f3 no \u00e9s accessible pels motius seg\u00fcents:<\/p>\n\n\n\n<p><strong>a. Manca de conformitat amb el RD 1112\/2018: <\/strong>No aplica. Compleix el 100% dels criteris daccessibilitat web.<\/p>\n\n\n\n<p><strong>b. C\u00e0rrega desproporcionada:<\/strong> No s'aplica.<\/p>\n\n\n\n<p><strong><strong>c. Contingut no entra dins l'\u00e0mbit de la legislaci\u00f3 aplicable:<\/strong><\/strong><\/p>\n\n\n\n<ul class=\"wp-block-list\">\n<li>Poden existir fitxers d'ofim\u00e0tica en PDF i altres formats publicats abans del 20 de setembre de 2018 que no compleixin totalment tots els requisits d'accessibilitat. Tot i que s'ha procurat que la majoria s\u00ed que ho compleixin.<\/li>\n\n\n\n<li>Hi pot haver continguts de tercers que no estiguin desenvolupats en aquesta Unitat ni sota el seu control com imatges, mapes interactius, v\u00eddeos, documents, reproductors, etc.<\/li>\n\n\n\n<li>Poden existir fitxers pregravats publicats abans del 20 de setembre de 2018 que no compleixin en la seva totalitat tots els requisits d'accessibilitat.<\/li>\n\n\n\n<li>Parts o la totalitat del lloc web pot estar creat amb un CMS (WordPress, Shopify, PrestaShop, etc), per la qual cosa degut a alguna actualitzaci\u00f3 o canvi en els sistemes, potser no tot el contingut generat o autogenerat compleixi amb totes les normatives accessibilitat.<\/li>\n<\/ul>\n\n\n\n<h4 class=\"wp-block-heading\"><strong>Preparaci\u00f3 d'aquesta declaraci\u00f3 d'accessibilitat<\/strong><\/h4>\n\n\n\n<p>Aquesta declaraci\u00f3 va ser preparada el dia 20\/09\/2024<\/p>\n\n\n\n<p>El m\u00e8tode emprat per preparar la declaraci\u00f3 ha estat una autoavaluaci\u00f3 duta a terme per la pr\u00f2pia empresa.<\/p>\n\n\n\n<p>\u00daltima revisi\u00f3 de la declaraci\u00f3: 03\/03\/2025<\/p>\n\n\n\n<h4 class=\"wp-block-heading\"><strong>Observacions i dades de contacte<\/strong><\/h4>\n\n\n\n<p>Podeu realitzar comunicacions sobre requisits d'accessibilitat (article 10.2.a del Reial decret 1112\/2018, de 7 de setembre) com, per exemple:<\/p>\n\n\n\n<ul class=\"wp-block-list\">\n<li>Informar sobre qualsevol possible incompliment per part daquest lloc web.<\/li>\n\n\n\n<li>Transmetre altres dificultats dacc\u00e9s al contingut.<\/li>\n\n\n\n<li>Formular qualsevol altra consulta o suggeriment de millora relativa a laccessibilitat del lloc web.<\/li>\n<\/ul>\n\n\n\n<p>A trav\u00e9s de les vies seg\u00fcents:<\/p>\n\n\n\n<ul class=\"wp-block-list\">\n<li>Correu electr\u00f2nic: <strong>carmegalache@carmegalache.com<\/strong><\/li>\n\n\n\n<li>Tel\u00e8fon: \u202a\u202a+34\u00a0697\u00a061\u00a000\u00a086\u202c<\/li>\n<\/ul>\n\n\n\n<p>Acord a l'article 10.2.b del RD 1112\/2018, tamb\u00e9 hi pots presentar:<\/p>\n\n\n\n<ul class=\"wp-block-list\">\n<li>Una queixa relativa al compliment dels requisits del RD 1112\/2018.<\/li>\n\n\n\n<li>Una sol\u00b7licitud d'informaci\u00f3 accessible relativa a:e informaci\u00f3n accesible relativa a:\n<ul class=\"wp-block-list\">\n<li>Contenidos que est\u00e1n excluidos del \u00e1mbito de aplicaci\u00f3n del RD 1112\/2018 seg\u00fan lo establecido por el art\u00edculo 3, apartado 4.<\/li>\n\n\n\n<li>Contenidos que est\u00e1n exentos del cumplimiento de los requisitos de accesibilidad por imponer una carga desproporcionada.<\/li>\n<\/ul>\n<\/li>\n<\/ul>\n\n\n\n<p>A la Sol\u00b7licitud d'informaci\u00f3 accessible, cal concretar, amb tota claredat, els fets, les raons i la petici\u00f3 que permetin constatar que es tracta d'una sol\u00b7licitud raonable i leg\u00edtima.<\/p>\n\n\n\n<p>Les comunicacions seran rebudes i tractades per l'adre\u00e7a de l'empresa com a unitat responsable dels continguts d'aquest lloc web.<\/p>\n\n\n\n<h4 class=\"wp-block-heading\"><strong>Contingut opcional<\/strong><\/h4>\n\n\n\n<p>La versi\u00f3 actualment visible d'aquest lloc web \u00e9s del dia 20\/09\/2024 i en aquell moment es va fer la revisi\u00f3 del nivell d'accessibilitat vigent en aquell moment.<\/p>\n\n\n\n<p>A partir de la data esmentada es duen a terme revisions parcials di\u00e0ries del contingut web nou o modificat, tant de les plantilles com de les p\u00e0gines i documents finals publicats, a fi d'assegurar el compliment dels requeriments d'accessibilitat de la Norma UNE-EN 301549 :2022, considerant les excepcions del Reial decret 1112\/2018, de 7 de setembre.<\/p>\n\n\n\n<p>Entre altres, s'adopten les mesures seg\u00fcents per facilitar l'accessibilitat:<\/p>\n\n\n\n<ul class=\"wp-block-list\">\n<li>Utilizaci\u00f3n de texto alternativo en las im\u00e1genes.<\/li>\n\n\n\n<li>Los enlaces ofrecen detalles de la funci\u00f3n o destino del hiperv\u00ednculo.<\/li>\n\n\n\n<li>Uso de los est\u00e1ndares del W3C: XHTML 1.0, CSS 3.0, WAI AA.<\/li>\n<\/ul>\n\n\n\n<h4 class=\"wp-block-heading\"><strong>Compatibilitat<\/strong><\/h4>\n\n\n\n<p>El lloc web:<\/p>\n\n\n\n<ul class=\"wp-block-list\">\n<li>s'ha dissenyat adaptant-se als est\u00e0ndards i normatives vigents en relaci\u00f3 a l'accessibilitat, complint amb els punts de verificaci\u00f3 de prioritat 2 (AA) definits a l'especificaci\u00f3 de Pautes d'Accessibilitat al Contingut al Web (WCAG 2.1)<\/li>\n\n\n\n<li>est\u00e0 optimitzat per a les darreres versions vigents de Chrome, Edge, Firefox, Safari i Opera<\/li>\n\n\n\n<li>est\u00e0 dissenyat per a la correcta visualitzaci\u00f3 en qualsevol resoluci\u00f3 i dispositiu d'escriptori, tauletes o m\u00f2bils (disseny responsive)<\/li>\n\n\n\n<li>s'ha realitzat utilitzant HTML5 com a llenguatge de marcatge i fulls d'estil CSS 3 pel disseny.<\/li>\n<\/ul>\n\n\n\n<p>A m\u00e9s, es fa un treball continu d'auditoria i revisi\u00f3 de continguts per facilitar-ne la interpretaci\u00f3 i millorar la navegaci\u00f3 pel portal web.<\/p>\n","protected":false},"excerpt":{"rendered":"<p>DECLARACI\u00d3 D'ACCESSIBILITAT www.carmegalache.com Situaci\u00f3 de compliment www.carmegalache.com (d'ara endavant, tamb\u00e9 Lloc Web) \u00e9s parcialment conforme amb el Reial Decret 1112\/2018, de 7 de setembre, a causa de la manca de conformitat dels aspectes que s'indiquen a continuaci\u00f3. Contingut no accessible El contingut que es recull a continuaci\u00f3 no \u00e9s accessible pels motius seg\u00fcents: a. Manca [&hellip;]<\/p>\n","protected":false},"author":1,"featured_media":0,"parent":0,"menu_order":0,"comment_status":"closed","ping_status":"closed","template":"","meta":{"inline_featured_image":false,"footnotes":""},"class_list":["post-93","page","type-page","status-publish","hentry"],"aioseo_notices":[],"_links":{"self":[{"href":"https:\/\/carmegalache.com\/ca\/wp-json\/wp\/v2\/pages\/93","targetHints":{"allow":["GET"]}}],"collection":[{"href":"https:\/\/carmegalache.com\/ca\/wp-json\/wp\/v2\/pages"}],"about":[{"href":"https:\/\/carmegalache.com\/ca\/wp-json\/wp\/v2\/types\/page"}],"author":[{"embeddable":true,"href":"https:\/\/carmegalache.com\/ca\/wp-json\/wp\/v2\/users\/1"}],"replies":[{"embeddable":true,"href":"https:\/\/carmegalache.com\/ca\/wp-json\/wp\/v2\/comments?post=93"}],"version-history":[{"count":40,"href":"https:\/\/carmegalache.com\/ca\/wp-json\/wp\/v2\/pages\/93\/revisions"}],"predecessor-version":[{"id":2239,"href":"https:\/\/carmegalache.com\/ca\/wp-json\/wp\/v2\/pages\/93\/revisions\/2239"}],"wp:attachment":[{"href":"https:\/\/carmegalache.com\/ca\/wp-json\/wp\/v2\/media?parent=93"}],"curies":[{"name":"wp","href":"https:\/\/api.w.org\/{rel}","templated":true}]}}