{"id":1001,"date":"2025-02-25T16:00:58","date_gmt":"2025-02-25T15:00:58","guid":{"rendered":"https:\/\/carmegalache.com\/?post_type=product&#038;p=1001"},"modified":"2026-01-23T14:34:46","modified_gmt":"2026-01-23T13:34:46","slug":"colgante-pentagrama-pequeno","status":"publish","type":"product","link":"https:\/\/carmegalache.com\/ca\/producto\/colgante-pentagrama-pequeno\/","title":{"rendered":"Penjoll Pentagrama Petit"},"content":{"rendered":"<p>Penjoll Pentagrama. Fabricat Plata de llei 925.<br \/>\nPetit: 1 cm di\u00e0m.<br \/>\nNota: Indica en observacions si el pentagrama el vols del dret o invertit.<\/p>\n<p><span data-sheets-root=\"1\">Totes les meves joies estan inspirades en la naturalesa. Solc inspirar-me en el bosc o elements del meu entorn.<br \/>\n<\/span><\/p>\n<p><span data-sheets-root=\"1\">Tot el proc\u00e9s es realitza de manera artesanal utilitzant les eines m\u00e9s b\u00e0siques i ancestrals. Tamb\u00e9 incloc alternatives lliures de qu\u00edmics i m\u00e9s ecol\u00f2giques en el proc\u00e9s d'elaboraci\u00f3, sempre que \u00e9s possible.<br \/>\n<\/span><\/p>\n<p><span data-sheets-root=\"1\">Fonc els meus propis lingots de plata, or, bronze, llaut\u00f3 \u2026 Per a posteriorment fer el fil o la planxa necess\u00e0ria per a cada elaboraci\u00f3 de les peces.<\/span><\/p>\n<p><!--more--><\/p>\n<h4><span data-sheets-root=\"1\">Temps de preparaci\u00f3 i lliurament:<\/span><\/h4>\n<p><span data-sheets-root=\"1\">Necessito entre 2 i 4 dies per a preparar i enviar la comanda. Si no est\u00e0 en estoc necessito entre 7 i 14 dies. Depenent de la pe\u00e7a.<\/span><\/p>\n<p><span data-sheets-root=\"1\">Faig enviaments 2 vegades per setmana. Per\u00f2 si t'urgeix, no dubtis a contactar amb mi.<\/span><\/p>\n<h4><\/h4>\n<h4><span data-sheets-root=\"1\">Cura i manteniment:<\/span><\/h4>\n<ul>\n<li><span data-sheets-root=\"1\">Guarda les teves joies de manera que no estiguin en contacte amb l'exterior, si pot ser en un lloc sec i fosc per a evitar l'oxidaci\u00f3.<\/span><\/li>\n<li><span data-sheets-root=\"1\">Evita exposar les joies a agents externs corrosius, com poden ser els perfums, el clor, el lleixiu, greixos, salins o materials alcalins.<\/span><\/li>\n<li><span data-sheets-root=\"1\">Guarda les teves joies en bossetes individuals o enrotllades en paper de seda perqu\u00e8 no s'apilin i es puguin ratllar entre elles.<\/span><\/li>\n<li><span data-sheets-root=\"1\">Pots netejar-les suaument amb algun drap especial per a joies que ajudi a mantenir el llustre. Tamb\u00e9 espor\u00e0dicament pots submergir-les en aigua t\u00e8bia sabonosa per a retirar brut\u00edcia i assecant-les molt b\u00e9 amb un drap suau de cot\u00f3. O assecant-les amb un assecador.<\/span><\/li>\n<\/ul>\n<h5 style=\"text-align: center;\"><span data-sheets-root=\"1\">LES TEVES JOIES M\u00c9S DELICADES HAURIEN DE SER L'\u00daLTIM QUE ET POSES EN SORTIR DE CASA<br \/>\nI EL PRIMER QUE ET LLEVIS EN ENTRAR.<\/span><\/h5>\n","protected":false},"excerpt":{"rendered":"<p>Penjoll Pentagrama. Fabricat Plata de llei 925.<br \/>\nPetit: 1 cm di\u00e0m.<br \/>\nNota: Indica en observacions si el pentagrama el vols del dret o invertit.<\/p>\n","protected":false},"featured_media":1313,"comment_status":"open","ping_status":"closed","template":"","meta":{"inline_featured_image":false},"product_brand":[],"product_cat":[19],"product_tag":[],"class_list":{"0":"post-1001","1":"product","2":"type-product","3":"status-publish","4":"has-post-thumbnail","6":"product_cat-colgantes","8":"first","9":"onbackorder","10":"taxable","11":"shipping-taxable","12":"purchasable","13":"product-type-simple"},"aioseo_notices":[],"_links":{"self":[{"href":"https:\/\/carmegalache.com\/ca\/wp-json\/wp\/v2\/product\/1001","targetHints":{"allow":["GET"]}}],"collection":[{"href":"https:\/\/carmegalache.com\/ca\/wp-json\/wp\/v2\/product"}],"about":[{"href":"https:\/\/carmegalache.com\/ca\/wp-json\/wp\/v2\/types\/product"}],"replies":[{"embeddable":true,"href":"https:\/\/carmegalache.com\/ca\/wp-json\/wp\/v2\/comments?post=1001"}],"wp:featuredmedia":[{"embeddable":true,"href":"https:\/\/carmegalache.com\/ca\/wp-json\/wp\/v2\/media\/1313"}],"wp:attachment":[{"href":"https:\/\/carmegalache.com\/ca\/wp-json\/wp\/v2\/media?parent=1001"}],"wp:term":[{"taxonomy":"product_brand","embeddable":true,"href":"https:\/\/carmegalache.com\/ca\/wp-json\/wp\/v2\/product_brand?post=1001"},{"taxonomy":"product_cat","embeddable":true,"href":"https:\/\/carmegalache.com\/ca\/wp-json\/wp\/v2\/product_cat?post=1001"},{"taxonomy":"product_tag","embeddable":true,"href":"https:\/\/carmegalache.com\/ca\/wp-json\/wp\/v2\/product_tag?post=1001"}],"curies":[{"name":"wp","href":"https:\/\/api.w.org\/{rel}","templated":true}]}}