{"id":1031,"date":"2025-02-25T16:41:16","date_gmt":"2025-02-25T15:41:16","guid":{"rendered":"https:\/\/carmegalache.com\/?post_type=product&#038;p=1031"},"modified":"2025-04-02T12:15:36","modified_gmt":"2025-04-02T10:15:36","slug":"hoz-de-recoleccion-falguera-sold-out","status":"publish","type":"product","link":"https:\/\/carmegalache.com\/ca\/producto\/hoz-de-recoleccion-falguera-sold-out\/","title":{"rendered":"Fal\u00e7 de recol\u00b7lecci\u00f3 \u201cFalguera\u201d"},"content":{"rendered":"<p>Fal\u00e7 de recol\u00b7lecci\u00f3 \u201cFalguera\u201d<br \/>\nForjada en Bronze.<br \/>\nInspirada en la naturalesa i ideada per a recol\u00b7lectar amb el major respecte a les nostres plantes aliades.<\/p>\n<p>At\u00e8s al fet que el folklore testifica que el ferro no \u00e9s del grat dels \u00e9ssers f\u00e8rrics, hem decidit forjar-la en bronze, un metall molt menys agressiu per a aquests esperits.<br \/>\nCada pe\u00e7a est\u00e0 fabricada individualment i de manera completament artesanal.<\/p>\n<p><span data-sheets-root=\"1\">Totes les meves joies estan inspirades en la naturalesa. Solc inspirar-me en el bosc o elements del meu entorn.<br \/>\n<\/span><\/p>\n<p><span data-sheets-root=\"1\">Tot el proc\u00e9s es realitza de manera artesanal utilitzant les eines m\u00e9s b\u00e0siques i ancestrals. Tamb\u00e9 incloc alternatives lliures de qu\u00edmics i m\u00e9s ecol\u00f2giques en el proc\u00e9s d'elaboraci\u00f3, sempre que \u00e9s possible.<br \/>\n<\/span><\/p>\n<p><span data-sheets-root=\"1\">Fonc els meus propis lingots de plata, or, bronze, llaut\u00f3 \u2026 Per a posteriorment fer el fil o la planxa necess\u00e0ria per a cada elaboraci\u00f3 de les peces.<\/span><\/p>\n<p><!--more--><\/p>\n<h4><span data-sheets-root=\"1\">Temps de preparaci\u00f3 i lliurament:<\/span><\/h4>\n<p><span data-sheets-root=\"1\">Necessito entre 2 i 4 dies per a preparar i enviar la comanda. Si no est\u00e0 en estoc necessito entre 7 i 14 dies. Depenent de la pe\u00e7a.<\/span><\/p>\n<p><span data-sheets-root=\"1\">Faig enviaments 2 vegades per setmana. Per\u00f2 si t'urgeix, no dubtis a contactar amb mi.<\/span><\/p>\n<h4><\/h4>\n<h4><span data-sheets-root=\"1\">Cura i manteniment:<\/span><\/h4>\n<ul>\n<li><span data-sheets-root=\"1\">Guarda les teves joies de manera que no estiguin en contacte amb l'exterior, si pot ser en un lloc sec i fosc per a evitar l'oxidaci\u00f3.<\/span><\/li>\n<li><span data-sheets-root=\"1\">Evita exposar les joies a agents externs corrosius, com poden ser els perfums, el clor, el lleixiu, greixos, salins o materials alcalins.<\/span><\/li>\n<li><span data-sheets-root=\"1\">Guarda les teves joies en bossetes individuals o enrotllades en paper de seda perqu\u00e8 no s'apilin i es puguin ratllar entre elles.<\/span><\/li>\n<li><span data-sheets-root=\"1\">Pots netejar-les suaument amb algun drap especial per a joies que ajudi a mantenir el llustre. Tamb\u00e9 espor\u00e0dicament pots submergir-les en aigua t\u00e8bia sabonosa per a retirar brut\u00edcia i assecant-les molt b\u00e9 amb un drap suau de cot\u00f3. O assecant-les amb un assecador.<\/span><\/li>\n<\/ul>\n<h5 style=\"text-align: center;\"><span data-sheets-root=\"1\">LES TEVES JOIES M\u00c9S DELICADES HAURIEN DE SER L'\u00daLTIM QUE ET POSES EN SORTIR DE CASA<br \/>\nI EL PRIMER QUE ET LLEVIS EN ENTRAR.<\/span><\/h5>\n","protected":false},"excerpt":{"rendered":"<p><span data-sheets-root=\"1\">Fal\u00e7 de recol\u00b7lecci\u00f3 \u201cFalguera\u201d<br \/>\nForjada en Bronze.<\/span><\/p>\n","protected":false},"featured_media":1098,"comment_status":"open","ping_status":"closed","template":"","meta":{"inline_featured_image":false},"product_brand":[],"product_cat":[23],"product_tag":[],"class_list":{"0":"post-1031","1":"product","2":"type-product","3":"status-publish","4":"has-post-thumbnail","6":"product_cat-accesorios-altar","8":"first","9":"outofstock","10":"taxable","11":"shipping-taxable","12":"purchasable","13":"product-type-simple"},"aioseo_notices":[],"_links":{"self":[{"href":"https:\/\/carmegalache.com\/ca\/wp-json\/wp\/v2\/product\/1031","targetHints":{"allow":["GET"]}}],"collection":[{"href":"https:\/\/carmegalache.com\/ca\/wp-json\/wp\/v2\/product"}],"about":[{"href":"https:\/\/carmegalache.com\/ca\/wp-json\/wp\/v2\/types\/product"}],"replies":[{"embeddable":true,"href":"https:\/\/carmegalache.com\/ca\/wp-json\/wp\/v2\/comments?post=1031"}],"wp:featuredmedia":[{"embeddable":true,"href":"https:\/\/carmegalache.com\/ca\/wp-json\/wp\/v2\/media\/1098"}],"wp:attachment":[{"href":"https:\/\/carmegalache.com\/ca\/wp-json\/wp\/v2\/media?parent=1031"}],"wp:term":[{"taxonomy":"product_brand","embeddable":true,"href":"https:\/\/carmegalache.com\/ca\/wp-json\/wp\/v2\/product_brand?post=1031"},{"taxonomy":"product_cat","embeddable":true,"href":"https:\/\/carmegalache.com\/ca\/wp-json\/wp\/v2\/product_cat?post=1031"},{"taxonomy":"product_tag","embeddable":true,"href":"https:\/\/carmegalache.com\/ca\/wp-json\/wp\/v2\/product_tag?post=1031"}],"curies":[{"name":"wp","href":"https:\/\/api.w.org\/{rel}","templated":true}]}}