{"id":1032,"date":"2025-02-25T16:45:42","date_gmt":"2025-02-25T15:45:42","guid":{"rendered":"https:\/\/carmegalache.com\/?post_type=product&#038;p=1032"},"modified":"2026-01-23T13:22:48","modified_gmt":"2026-01-23T12:22:48","slug":"mjolnir-de-skane-replica-martillo-de-thor","status":"publish","type":"product","link":"https:\/\/carmegalache.com\/ca\/producto\/mjolnir-de-skane-replica-martillo-de-thor\/","title":{"rendered":"Mj\u00f6lnir de Sk\u00e5ne. Replica. Martell de Thor."},"content":{"rendered":"<p>Penjoll Mj\u00f6lnir de Sk\u00e5ne. Replica. Martell de Thor.<\/p>\n<p>\"Segons la mitologia n\u00f2rdica, Thor \u00e9s el poder\u00f3s d\u00e9u de les tempestes, conegut per la seva arma llegend\u00e0ria: el Martell Mj\u00f6lnir. Thor era un d\u00e9u benefactor i protector de la humanitat, associat a la for\u00e7a, el valor i la fertilitat de la terra. Antany es creia que els trons i llampecs eren produ\u00efts per ell en colpejar amb el seu poder\u00f3s martell. Thor va ser un d\u00e9u de gran popularitat durant l'era Vikinga, quan, enfront del proc\u00e9s de la cristianitzaci\u00f3 d'Escandin\u00e0via, els amulets protectors Mj\u00f6lnir van passar a ser usats a m\u00e9s en desafiament a la nova religi\u00f3.\"<\/p>\n<p>Es tracta d'una r\u00e8plica de plata massissa realitzada mitjan\u00e7ant proc\u00e9s de fosa a la cera perduda tal com es realitzaven en l'\u00e8poca Vikinga.<br \/>\nEl Mj\u00f6lnir original, que \u00e9s tamb\u00e9 de Plata, es troba actualment en el museu d'Hist\u00f2ria d'Estocolm. Datat aproximat del segle X.<\/p>\n<p>Tot el proc\u00e9s es realitza de manera completament artesana. Fabricada en plata de primera llei Envellida (Foto 1). Tamb\u00e9 disponible en Bronze. Si desitja acabat plata sense envellir, ha d'indicar-m'ho a l'hora de fer la comanda. (Aix\u00f2 no \u00e9s un acabat especial)<\/p>\n<p>Es lliura amb cord\u00f3 de cot\u00f3 amb nusos corredissos. Les cadenes es venen per separat.<\/p>\n<p>ES POT PERSONALITZAR AMB RUNES, S\u00cdMBOLS O MISSATGEs! T\u00e9 un increment de 9 euros. De totes maneres consulti pr\u00e8viament si \u00e9s possible gravar el que vost\u00e8 desitja. En tractar-se d'un article personalitzat NO SERIOSA POSSIBLE LA SEVA DEVOLUCI\u00d3.<\/p>\n<p><span data-sheets-root=\"1\">Totes les meves joies estan inspirades en la naturalesa. Solc inspirar-me en el bosc o elements del meu entorn.<br \/>\n<\/span><\/p>\n<p><span data-sheets-root=\"1\">Tot el proc\u00e9s es realitza de manera artesanal utilitzant les eines m\u00e9s b\u00e0siques i ancestrals. Tamb\u00e9 incloc alternatives lliures de qu\u00edmics i m\u00e9s ecol\u00f2giques en el proc\u00e9s d'elaboraci\u00f3, sempre que \u00e9s possible.<br \/>\n<\/span><\/p>\n<p><span data-sheets-root=\"1\">Fonc els meus propis lingots de plata, or, bronze, llaut\u00f3 \u2026 Per a posteriorment fer el fil o la planxa necess\u00e0ria per a cada elaboraci\u00f3 de les peces.<\/span><\/p>\n<p><!--more--><\/p>\n<h4><span data-sheets-root=\"1\">Temps de preparaci\u00f3 i lliurament:<\/span><\/h4>\n<p><span data-sheets-root=\"1\">Necessito entre 2 i 4 dies per a preparar i enviar la comanda. Si no est\u00e0 en estoc necessito entre 7 i 14 dies. Depenent de la pe\u00e7a.<\/span><\/p>\n<p><span data-sheets-root=\"1\">Faig enviaments 2 vegades per setmana. Per\u00f2 si t'urgeix, no dubtis a contactar amb mi.<\/span><\/p>\n<h4><\/h4>\n<h4><span data-sheets-root=\"1\">Cura i manteniment:<\/span><\/h4>\n<ul>\n<li><span data-sheets-root=\"1\">Guarda les teves joies de manera que no estiguin en contacte amb l'exterior, si pot ser en un lloc sec i fosc per a evitar l'oxidaci\u00f3.<\/span><\/li>\n<li><span data-sheets-root=\"1\">Evita exposar les joies a agents externs corrosius, com poden ser els perfums, el clor, el lleixiu, greixos, salins o materials alcalins.<\/span><\/li>\n<li><span data-sheets-root=\"1\">Guarda les teves joies en bossetes individuals o enrotllades en paper de seda perqu\u00e8 no s'apilin i es puguin ratllar entre elles.<\/span><\/li>\n<li><span data-sheets-root=\"1\">Pots netejar-les suaument amb algun drap especial per a joies que ajudi a mantenir el llustre. Tamb\u00e9 espor\u00e0dicament pots submergir-les en aigua t\u00e8bia sabonosa per a retirar brut\u00edcia i assecant-les molt b\u00e9 amb un drap suau de cot\u00f3. O assecant-les amb un assecador.<\/span><\/li>\n<\/ul>\n<h5 style=\"text-align: center;\"><span data-sheets-root=\"1\">LES TEVES JOIES M\u00c9S DELICADES HAURIEN DE SER L'\u00daLTIM QUE ET POSES EN SORTIR DE CASA<br \/>\nI EL PRIMER QUE ET LLEVIS EN ENTRAR.<\/span><\/h5>\n","protected":false},"excerpt":{"rendered":"<p>Penjoll Mj\u00f6lnir de Sk\u00e5ne. Replica. Martell de Thor.<\/p>\n","protected":false},"featured_media":1095,"comment_status":"open","ping_status":"closed","template":"","meta":{"inline_featured_image":false},"product_brand":[],"product_cat":[19],"product_tag":[],"class_list":{"0":"post-1032","1":"product","2":"type-product","3":"status-publish","4":"has-post-thumbnail","6":"product_cat-colgantes","8":"first","9":"instock","10":"taxable","11":"shipping-taxable","12":"purchasable","13":"product-type-variable"},"aioseo_notices":[],"_links":{"self":[{"href":"https:\/\/carmegalache.com\/ca\/wp-json\/wp\/v2\/product\/1032","targetHints":{"allow":["GET"]}}],"collection":[{"href":"https:\/\/carmegalache.com\/ca\/wp-json\/wp\/v2\/product"}],"about":[{"href":"https:\/\/carmegalache.com\/ca\/wp-json\/wp\/v2\/types\/product"}],"replies":[{"embeddable":true,"href":"https:\/\/carmegalache.com\/ca\/wp-json\/wp\/v2\/comments?post=1032"}],"wp:featuredmedia":[{"embeddable":true,"href":"https:\/\/carmegalache.com\/ca\/wp-json\/wp\/v2\/media\/1095"}],"wp:attachment":[{"href":"https:\/\/carmegalache.com\/ca\/wp-json\/wp\/v2\/media?parent=1032"}],"wp:term":[{"taxonomy":"product_brand","embeddable":true,"href":"https:\/\/carmegalache.com\/ca\/wp-json\/wp\/v2\/product_brand?post=1032"},{"taxonomy":"product_cat","embeddable":true,"href":"https:\/\/carmegalache.com\/ca\/wp-json\/wp\/v2\/product_cat?post=1032"},{"taxonomy":"product_tag","embeddable":true,"href":"https:\/\/carmegalache.com\/ca\/wp-json\/wp\/v2\/product_tag?post=1032"}],"curies":[{"name":"wp","href":"https:\/\/api.w.org\/{rel}","templated":true}]}}