{"id":2461,"date":"2025-11-25T10:39:06","date_gmt":"2025-11-25T09:39:06","guid":{"rendered":"https:\/\/carmegalache.com\/producto\/bono-8h-taller-semanal-de-ceramica\/"},"modified":"2026-02-08T10:48:14","modified_gmt":"2026-02-08T09:48:14","slug":"bono-8h-taller-semanal-de-ceramica-2-2","status":"publish","type":"product","link":"https:\/\/carmegalache.com\/ca\/producto\/bono-8h-taller-semanal-de-ceramica-2-2\/","title":{"rendered":"Bono 8h. Taller semanal de cer\u00e1mica. CONSULTA ANTES DE RESERVAR."},"content":{"rendered":"<p>Bono flexible de h. para taller de cer\u00e1mica semanal.<\/p>\n<p>Son plazas limitadas as\u00ed que antes de comprar el bono consulta si hay libres plazas en los horarios que te van bien.<\/p>\n<p>Se debe usar dentro de las 4 semanas a partir de la compra del bono.<\/p>\n<p>Se debe reservar plaza con una semana de antelaci\u00f3n. Osea, confirmar los dias que se va a asistir para organizar grupos ya que son talleres reducidos, m\u00e1x 4 personas por clase.<\/p>\n<p>Incluye clases de cer\u00e1mica personalizadas. Material b\u00e1sico necesario mas cocidas b\u00e1sicas.<\/p>\n","protected":false},"excerpt":{"rendered":"<p>Bono flexible de h. para taller de cer\u00e1mica semanal. Son plazas limitadas as\u00ed que antes de comprar el bono consulta si hay libres plazas en los horarios que te van bien. Se debe usar dentro de las 4 semanas a partir de la compra del bono. Se debe reservar plaza con una semana de antelaci\u00f3n. [&hellip;]<\/p>\n","protected":false},"featured_media":2460,"comment_status":"open","ping_status":"closed","template":"","meta":{"inline_featured_image":false},"product_brand":[],"product_cat":[41,35],"product_tag":[121,119,122,120],"class_list":{"0":"post-2461","1":"product","2":"type-product","3":"status-publish","4":"has-post-thumbnail","6":"product_cat-ceramica","7":"product_cat-talleres","8":"product_tag-artesania","9":"product_tag-ceramica","10":"product_tag-clases","11":"product_tag-taller","13":"first","14":"onbackorder","15":"virtual","16":"taxable","17":"purchasable","18":"product-type-simple"},"aioseo_notices":[],"_links":{"self":[{"href":"https:\/\/carmegalache.com\/ca\/wp-json\/wp\/v2\/product\/2461","targetHints":{"allow":["GET"]}}],"collection":[{"href":"https:\/\/carmegalache.com\/ca\/wp-json\/wp\/v2\/product"}],"about":[{"href":"https:\/\/carmegalache.com\/ca\/wp-json\/wp\/v2\/types\/product"}],"replies":[{"embeddable":true,"href":"https:\/\/carmegalache.com\/ca\/wp-json\/wp\/v2\/comments?post=2461"}],"wp:featuredmedia":[{"embeddable":true,"href":"https:\/\/carmegalache.com\/ca\/wp-json\/wp\/v2\/media\/2460"}],"wp:attachment":[{"href":"https:\/\/carmegalache.com\/ca\/wp-json\/wp\/v2\/media?parent=2461"}],"wp:term":[{"taxonomy":"product_brand","embeddable":true,"href":"https:\/\/carmegalache.com\/ca\/wp-json\/wp\/v2\/product_brand?post=2461"},{"taxonomy":"product_cat","embeddable":true,"href":"https:\/\/carmegalache.com\/ca\/wp-json\/wp\/v2\/product_cat?post=2461"},{"taxonomy":"product_tag","embeddable":true,"href":"https:\/\/carmegalache.com\/ca\/wp-json\/wp\/v2\/product_tag?post=2461"}],"curies":[{"name":"wp","href":"https:\/\/api.w.org\/{rel}","templated":true}]}}