{"id":336,"date":"2024-09-30T12:24:35","date_gmt":"2024-09-30T10:24:35","guid":{"rendered":"https:\/\/carmegalache.com\/es\/?post_type=product&#038;p=336"},"modified":"2025-09-05T16:00:58","modified_gmt":"2025-09-05T14:00:58","slug":"taller-de-ceramica-creativa","status":"publish","type":"product","link":"https:\/\/carmegalache.com\/ca\/producto\/taller-de-ceramica-creativa\/","title":{"rendered":"Taller de Cer\u00e0mica Creativa | Crea les teves pr\u00f2pies peces"},"content":{"rendered":"<h2>Taller de Cer\u00e0mica Creativa<\/h2>\n<p>&nbsp;<\/p>\n<p>Submergeix-te al fascinant m\u00f3n de la cer\u00e0mica amb el nostre Taller de Cer\u00e0mica Creativa. Dissenyat per a tots els nivells, des de principiants fins a ceramistes experimentats, aquest taller us ofereix l'oportunitat d'explorar la vostra creativitat mentre aprens t\u00e8cniques essencials de modelatge i esmaltat.<\/p>\n<h3 class=\"mb-2 mt-6 text-lg first:mt-3\">Qu\u00e8 inclou el Taller?<\/h3>\n<ul class=\"marker:text-textOff list-disc pl-8\">\n<li><strong>Instrucci\u00f3 Personalitzada:<\/strong>\u00a0\u00a0Els nostres experts us guiaran a trav\u00e9s de cada pas del proc\u00e9s, assegurant que adquiriu les habilitats necess\u00e0ries per crear les vostres pr\u00f2pies peces.<\/li>\n<li><strong>Materials Sostenibles:<\/strong>\u00a0\u00a0Utilitzem argiles i esmalts ecol\u00f2gics, promovent pr\u00e0ctiques responsables en la creaci\u00f3 art\u00edstica.<\/li>\n<li><strong>Ambient Inspirador:<\/strong>\u00a0\u00a0Gaudeix d\u00b4un espai acollidor i creatiu on podr\u00e0s compartir idees i inspirar-te en altres participants.<\/li>\n<\/ul>\n<h3 class=\"mb-2 mt-6 text-lg first:mt-3\">Qu\u00e8 Aprendr\u00e0s?<\/h3>\n<ul class=\"marker:text-textOff list-disc pl-8\">\n<li>T\u00e8cniques b\u00e0siques de modelatge a m\u00e0 i \u00fas del torn.<\/li>\n<li>Com aplicar esmalts i t\u00e8cniques de decoraci\u00f3.<\/li>\n<li>Consells sobre el fornejat i acabat de les peces.<\/li>\n<\/ul>\n<p>Al final del taller, portareu a casa les vostres pr\u00f2pies creacions, aix\u00ed com una nova apreciaci\u00f3 per l'art de la cer\u00e0mica. Tant se val si busques una nova afici\u00f3 o desitges perfeccionar les teves habilitats; aquest taller \u00e9s una experi\u00e8ncia que no et voldr\u00e0s perdre. Inscriu-te avui i desperta la teva passi\u00f3 per la cer\u00e0mica!<\/p>\n","protected":false},"excerpt":{"rendered":"<h2 id=\"tw-target-text\" class=\"tw-data-text tw-text-large tw-ta\" dir=\"ltr\" data-placeholder=\"Traducci\u00f3n\" data-ved=\"2ahUKEwj5tYKX9ZOMAxVKQ_EDHd_LLr0Q3ewLegQICBAV\" aria-label=\"Texto traducido: Descobreix l'Art de la Cer\u00e0mica al nostre Taller de Cer\u00e0mica Creativa \ud83c\udffa Uneix-te al nostre Taller de Cer\u00e0mica Creativa i apr\u00e8n a modelar l'argila com un professional. Explora el fascinant m\u00f3n de la cer\u00e0mica amb t\u00e8cniques b\u00e0siques i avan\u00e7ades per crear peces \u00faniques i personalitzades. \ud83d\udd39 Aprendr\u00e0s: \u2705 T\u00e8cniques de modelatge i tornejat de cer\u00e0mica \u2705 Decoraci\u00f3 i esmaltat de peces \u2705 Cocci\u00f3 en forn professional \ud83c\udf1f Per a tots els nivells: des de principiants fins a ceramistes amb experi\u00e8ncia. \ud83d\udccc Reserva la teva pla\u00e7a i crea les pr\u00f2pies obres d'art en argila. Viu una experi\u00e8ncia \u00fanica i creativa al nostre taller de cer\u00e0mica!\"><span class=\"Y2IQFc\" lang=\"ca\">Descobreix l'Art de la Cer\u00e0mica al nostre Taller de Cer\u00e0mica Creativa <\/span><\/h2>\n<p class=\"tw-data-text tw-text-large tw-ta\" dir=\"ltr\" data-placeholder=\"Traducci\u00f3n\" data-ved=\"2ahUKEwj5tYKX9ZOMAxVKQ_EDHd_LLr0Q3ewLegQICBAV\" aria-label=\"Texto traducido: Descobreix l'Art de la Cer\u00e0mica al nostre Taller de Cer\u00e0mica Creativa \ud83c\udffa Uneix-te al nostre Taller de Cer\u00e0mica Creativa i apr\u00e8n a modelar l'argila com un professional. Explora el fascinant m\u00f3n de la cer\u00e0mica amb t\u00e8cniques b\u00e0siques i avan\u00e7ades per crear peces \u00faniques i personalitzades. \ud83d\udd39 Aprendr\u00e0s: \u2705 T\u00e8cniques de modelatge i tornejat de cer\u00e0mica \u2705 Decoraci\u00f3 i esmaltat de peces \u2705 Cocci\u00f3 en forn professional \ud83c\udf1f Per a tots els nivells: des de principiants fins a ceramistes amb experi\u00e8ncia. \ud83d\udccc Reserva la teva pla\u00e7a i crea les pr\u00f2pies obres d'art en argila. Viu una experi\u00e8ncia \u00fanica i creativa al nostre taller de cer\u00e0mica!\"><span class=\"Y2IQFc\" lang=\"ca\">\ud83c\udffa Uneix-te al nostre Taller de Cer\u00e0mica Creativa i apr\u00e8n a modelar l'argila com un professional. Explora el fascinant m\u00f3n de la cer\u00e0mica amb t\u00e8cniques b\u00e0siques i avan\u00e7ades per crear peces \u00faniques i personalitzades. <\/span><\/p>\n<p class=\"tw-data-text tw-text-large tw-ta\" dir=\"ltr\" data-placeholder=\"Traducci\u00f3n\" data-ved=\"2ahUKEwj5tYKX9ZOMAxVKQ_EDHd_LLr0Q3ewLegQICBAV\" aria-label=\"Texto traducido: Descobreix l'Art de la Cer\u00e0mica al nostre Taller de Cer\u00e0mica Creativa \ud83c\udffa Uneix-te al nostre Taller de Cer\u00e0mica Creativa i apr\u00e8n a modelar l'argila com un professional. Explora el fascinant m\u00f3n de la cer\u00e0mica amb t\u00e8cniques b\u00e0siques i avan\u00e7ades per crear peces \u00faniques i personalitzades. \ud83d\udd39 Aprendr\u00e0s: \u2705 T\u00e8cniques de modelatge i tornejat de cer\u00e0mica \u2705 Decoraci\u00f3 i esmaltat de peces \u2705 Cocci\u00f3 en forn professional \ud83c\udf1f Per a tots els nivells: des de principiants fins a ceramistes amb experi\u00e8ncia. \ud83d\udccc Reserva la teva pla\u00e7a i crea les pr\u00f2pies obres d'art en argila. Viu una experi\u00e8ncia \u00fanica i creativa al nostre taller de cer\u00e0mica!\"><span class=\"Y2IQFc\" lang=\"ca\">\ud83d\udd39 Aprendr\u00e0s: <\/span><\/p>\n<p class=\"tw-data-text tw-text-large tw-ta\" dir=\"ltr\" data-placeholder=\"Traducci\u00f3n\" data-ved=\"2ahUKEwj5tYKX9ZOMAxVKQ_EDHd_LLr0Q3ewLegQICBAV\" aria-label=\"Texto traducido: Descobreix l'Art de la Cer\u00e0mica al nostre Taller de Cer\u00e0mica Creativa \ud83c\udffa Uneix-te al nostre Taller de Cer\u00e0mica Creativa i apr\u00e8n a modelar l'argila com un professional. Explora el fascinant m\u00f3n de la cer\u00e0mica amb t\u00e8cniques b\u00e0siques i avan\u00e7ades per crear peces \u00faniques i personalitzades. \ud83d\udd39 Aprendr\u00e0s: \u2705 T\u00e8cniques de modelatge i tornejat de cer\u00e0mica \u2705 Decoraci\u00f3 i esmaltat de peces \u2705 Cocci\u00f3 en forn professional \ud83c\udf1f Per a tots els nivells: des de principiants fins a ceramistes amb experi\u00e8ncia. \ud83d\udccc Reserva la teva pla\u00e7a i crea les pr\u00f2pies obres d'art en argila. Viu una experi\u00e8ncia \u00fanica i creativa al nostre taller de cer\u00e0mica!\"><span class=\"Y2IQFc\" lang=\"ca\">\u2705 T\u00e8cniques de modelatge i tornejat de cer\u00e0mica <\/span><\/p>\n<p class=\"tw-data-text tw-text-large tw-ta\" dir=\"ltr\" data-placeholder=\"Traducci\u00f3n\" data-ved=\"2ahUKEwj5tYKX9ZOMAxVKQ_EDHd_LLr0Q3ewLegQICBAV\" aria-label=\"Texto traducido: Descobreix l'Art de la Cer\u00e0mica al nostre Taller de Cer\u00e0mica Creativa \ud83c\udffa Uneix-te al nostre Taller de Cer\u00e0mica Creativa i apr\u00e8n a modelar l'argila com un professional. Explora el fascinant m\u00f3n de la cer\u00e0mica amb t\u00e8cniques b\u00e0siques i avan\u00e7ades per crear peces \u00faniques i personalitzades. \ud83d\udd39 Aprendr\u00e0s: \u2705 T\u00e8cniques de modelatge i tornejat de cer\u00e0mica \u2705 Decoraci\u00f3 i esmaltat de peces \u2705 Cocci\u00f3 en forn professional \ud83c\udf1f Per a tots els nivells: des de principiants fins a ceramistes amb experi\u00e8ncia. \ud83d\udccc Reserva la teva pla\u00e7a i crea les pr\u00f2pies obres d'art en argila. Viu una experi\u00e8ncia \u00fanica i creativa al nostre taller de cer\u00e0mica!\"><span class=\"Y2IQFc\" lang=\"ca\">\u2705 Decoraci\u00f3 i esmaltat de peces <\/span><\/p>\n<p class=\"tw-data-text tw-text-large tw-ta\" dir=\"ltr\" data-placeholder=\"Traducci\u00f3n\" data-ved=\"2ahUKEwj5tYKX9ZOMAxVKQ_EDHd_LLr0Q3ewLegQICBAV\" aria-label=\"Texto traducido: Descobreix l'Art de la Cer\u00e0mica al nostre Taller de Cer\u00e0mica Creativa \ud83c\udffa Uneix-te al nostre Taller de Cer\u00e0mica Creativa i apr\u00e8n a modelar l'argila com un professional. Explora el fascinant m\u00f3n de la cer\u00e0mica amb t\u00e8cniques b\u00e0siques i avan\u00e7ades per crear peces \u00faniques i personalitzades. \ud83d\udd39 Aprendr\u00e0s: \u2705 T\u00e8cniques de modelatge i tornejat de cer\u00e0mica \u2705 Decoraci\u00f3 i esmaltat de peces \u2705 Cocci\u00f3 en forn professional \ud83c\udf1f Per a tots els nivells: des de principiants fins a ceramistes amb experi\u00e8ncia. \ud83d\udccc Reserva la teva pla\u00e7a i crea les pr\u00f2pies obres d'art en argila. Viu una experi\u00e8ncia \u00fanica i creativa al nostre taller de cer\u00e0mica!\"><span class=\"Y2IQFc\" lang=\"ca\">\u2705 Cocci\u00f3 en forn professional <\/span><\/p>\n<p class=\"tw-data-text tw-text-large tw-ta\" dir=\"ltr\" data-placeholder=\"Traducci\u00f3n\" data-ved=\"2ahUKEwj5tYKX9ZOMAxVKQ_EDHd_LLr0Q3ewLegQICBAV\" aria-label=\"Texto traducido: Descobreix l'Art de la Cer\u00e0mica al nostre Taller de Cer\u00e0mica Creativa \ud83c\udffa Uneix-te al nostre Taller de Cer\u00e0mica Creativa i apr\u00e8n a modelar l'argila com un professional. Explora el fascinant m\u00f3n de la cer\u00e0mica amb t\u00e8cniques b\u00e0siques i avan\u00e7ades per crear peces \u00faniques i personalitzades. \ud83d\udd39 Aprendr\u00e0s: \u2705 T\u00e8cniques de modelatge i tornejat de cer\u00e0mica \u2705 Decoraci\u00f3 i esmaltat de peces \u2705 Cocci\u00f3 en forn professional \ud83c\udf1f Per a tots els nivells: des de principiants fins a ceramistes amb experi\u00e8ncia. \ud83d\udccc Reserva la teva pla\u00e7a i crea les pr\u00f2pies obres d'art en argila. Viu una experi\u00e8ncia \u00fanica i creativa al nostre taller de cer\u00e0mica!\"><span class=\"Y2IQFc\" lang=\"ca\">\ud83c\udf1f Per a tots els nivells: des de principiants fins a ceramistes amb experi\u00e8ncia. <\/span><\/p>\n<p class=\"tw-data-text tw-text-large tw-ta\" dir=\"ltr\" data-placeholder=\"Traducci\u00f3n\" data-ved=\"2ahUKEwj5tYKX9ZOMAxVKQ_EDHd_LLr0Q3ewLegQICBAV\" aria-label=\"Texto traducido: Descobreix l'Art de la Cer\u00e0mica al nostre Taller de Cer\u00e0mica Creativa \ud83c\udffa Uneix-te al nostre Taller de Cer\u00e0mica Creativa i apr\u00e8n a modelar l'argila com un professional. Explora el fascinant m\u00f3n de la cer\u00e0mica amb t\u00e8cniques b\u00e0siques i avan\u00e7ades per crear peces \u00faniques i personalitzades. \ud83d\udd39 Aprendr\u00e0s: \u2705 T\u00e8cniques de modelatge i tornejat de cer\u00e0mica \u2705 Decoraci\u00f3 i esmaltat de peces \u2705 Cocci\u00f3 en forn professional \ud83c\udf1f Per a tots els nivells: des de principiants fins a ceramistes amb experi\u00e8ncia. \ud83d\udccc Reserva la teva pla\u00e7a i crea les pr\u00f2pies obres d'art en argila. Viu una experi\u00e8ncia \u00fanica i creativa al nostre taller de cer\u00e0mica!\"><span class=\"Y2IQFc\" lang=\"ca\">\ud83d\udccc Reserva la teva pla\u00e7a i crea les pr\u00f2pies obres d'art en argila. Viu una experi\u00e8ncia \u00fanica i creativa al nostre taller de cer\u00e0mica!<\/span><\/p>\n","protected":false},"featured_media":1278,"comment_status":"open","ping_status":"closed","template":"","meta":{"inline_featured_image":false},"product_brand":[],"product_cat":[35],"product_tag":[],"class_list":{"0":"post-336","1":"product","2":"type-product","3":"status-publish","4":"has-post-thumbnail","6":"product_cat-talleres","8":"first","9":"outofstock","10":"virtual","11":"taxable","12":"product-type-simple"},"aioseo_notices":[],"_links":{"self":[{"href":"https:\/\/carmegalache.com\/ca\/wp-json\/wp\/v2\/product\/336","targetHints":{"allow":["GET"]}}],"collection":[{"href":"https:\/\/carmegalache.com\/ca\/wp-json\/wp\/v2\/product"}],"about":[{"href":"https:\/\/carmegalache.com\/ca\/wp-json\/wp\/v2\/types\/product"}],"replies":[{"embeddable":true,"href":"https:\/\/carmegalache.com\/ca\/wp-json\/wp\/v2\/comments?post=336"}],"wp:featuredmedia":[{"embeddable":true,"href":"https:\/\/carmegalache.com\/ca\/wp-json\/wp\/v2\/media\/1278"}],"wp:attachment":[{"href":"https:\/\/carmegalache.com\/ca\/wp-json\/wp\/v2\/media?parent=336"}],"wp:term":[{"taxonomy":"product_brand","embeddable":true,"href":"https:\/\/carmegalache.com\/ca\/wp-json\/wp\/v2\/product_brand?post=336"},{"taxonomy":"product_cat","embeddable":true,"href":"https:\/\/carmegalache.com\/ca\/wp-json\/wp\/v2\/product_cat?post=336"},{"taxonomy":"product_tag","embeddable":true,"href":"https:\/\/carmegalache.com\/ca\/wp-json\/wp\/v2\/product_tag?post=336"}],"curies":[{"name":"wp","href":"https:\/\/api.w.org\/{rel}","templated":true}]}}