{"id":795,"date":"2025-02-23T18:47:17","date_gmt":"2025-02-23T17:47:17","guid":{"rendered":"https:\/\/carmegalache.com\/?post_type=product&#038;p=795"},"modified":"2026-01-23T15:01:28","modified_gmt":"2026-01-23T14:01:28","slug":"anillo-texturizado-hoja","status":"publish","type":"product","link":"https:\/\/carmegalache.com\/ca\/producto\/anillo-texturizado-hoja\/","title":{"rendered":"Anell texturat fulla"},"content":{"rendered":"<p>Anell texturat fulla. Fabricat en Plata de Llei 925.<br \/>\nEs fabrica sota comanda adaptant a la Talla que es necessiti.<br \/>\nEn tractar-se d'una comanda fabricada a mesura sota comanda, necessito 2 o 3 setmanes aproximadament per a la seva fabricaci\u00f3 i enviament.<br \/>\nFins a la talla 21 preu 62\u20ac<br \/>\nde la 22 a la 28 preu 68\u20ac<\/p>\n<p>Es pot gravar l'interior amb noms o dates o tots dos comprant l'opci\u00f3 \"Gravat\" d'anells ja que t\u00e9 un increment de 10 euros \/unitat<\/p>\n<p>En tractar-se d'una comanda fabricada a mesura no \u00e9s possible la devoluci\u00f3 d'aquest.<\/p>\n<p>Contacta amb mi si tens dubtes amb la grand\u00e0ria. \u00c9s important proporcionar correctament la talla.<\/p>\n<p>&nbsp;<\/p>\n<p><span data-sheets-root=\"1\">Totes les meves joies estan inspirades en la naturalesa. Solc inspirar-me en el bosc o elements del meu entorn.<br \/>\n<\/span><\/p>\n<p><span data-sheets-root=\"1\">Tot el proc\u00e9s es realitza de manera artesanal utilitzant les eines m\u00e9s b\u00e0siques i ancestrals. Tamb\u00e9 incloc alternatives lliures de qu\u00edmics i m\u00e9s ecol\u00f2giques en el proc\u00e9s d'elaboraci\u00f3, sempre que \u00e9s possible.<br \/>\n<\/span><\/p>\n<p><span data-sheets-root=\"1\">Fonc els meus propis lingots de plata, or, bronze, llaut\u00f3 \u2026 Per a posteriorment fer el fil o la planxa necess\u00e0ria per a cada elaboraci\u00f3 de les peces.<\/span><\/p>\n<p><!--more--><\/p>\n<h4><span data-sheets-root=\"1\">Temps de preparaci\u00f3 i lliurament:<\/span><\/h4>\n<p><span data-sheets-root=\"1\">Necessito entre 2 i 4 dies per a preparar i enviar la comanda. Si no est\u00e0 en estoc necessito entre 7 i 14 dies. Depenent de la pe\u00e7a.<\/span><\/p>\n<p><span data-sheets-root=\"1\">Faig enviaments 2 vegades per setmana. Per\u00f2 si t'urgeix, no dubtis a contactar amb mi.<\/span><\/p>\n<h4><\/h4>\n<h4><span data-sheets-root=\"1\">Cura i manteniment:<\/span><\/h4>\n<ul>\n<li><span data-sheets-root=\"1\">Guarda les teves joies de manera que no estiguin en contacte amb l'exterior, si pot ser en un lloc sec i fosc per a evitar l'oxidaci\u00f3.<\/span><\/li>\n<li><span data-sheets-root=\"1\">Evita exposar les joies a agents externs corrosius, com poden ser els perfums, el clor, el lleixiu, greixos, salins o materials alcalins.<\/span><\/li>\n<li><span data-sheets-root=\"1\">Guarda les teves joies en bossetes individuals o enrotllades en paper de seda perqu\u00e8 no s'apilin i es puguin ratllar entre elles.<\/span><\/li>\n<li><span data-sheets-root=\"1\">Pots netejar-les suaument amb algun drap especial per a joies que ajudi a mantenir el llustre. Tamb\u00e9 espor\u00e0dicament pots submergir-les en aigua t\u00e8bia sabonosa per a retirar brut\u00edcia i assecant-les molt b\u00e9 amb un drap suau de cot\u00f3. O assecant-les amb un assecador.<\/span><\/li>\n<\/ul>\n<h5 style=\"text-align: center;\"><span data-sheets-root=\"1\">LES TEVES JOIES M\u00c9S DELICADES HAURIEN DE SER L'\u00daLTIM QUE ET POSES EN SORTIR DE CASA<br \/>\nI EL PRIMER QUE ET LLEVIS EN ENTRAR.<\/span><\/h5>\n<p>&nbsp;<\/p>\n<p>&nbsp;<\/p>\n","protected":false},"excerpt":{"rendered":"<p>Anell texturat fulla. Fabricat en Plata de Llei 925.<br \/>\nEs fabrica sota comanda adaptant a la Talla que es necessiti.<\/p>\n","protected":false},"featured_media":1396,"comment_status":"open","ping_status":"closed","template":"","meta":{"inline_featured_image":false},"product_brand":[],"product_cat":[18],"product_tag":[],"class_list":{"0":"post-795","1":"product","2":"type-product","3":"status-publish","4":"has-post-thumbnail","6":"product_cat-anillos","8":"first","9":"instock","10":"taxable","11":"shipping-taxable","12":"purchasable","13":"product-type-variable"},"aioseo_notices":[],"_links":{"self":[{"href":"https:\/\/carmegalache.com\/ca\/wp-json\/wp\/v2\/product\/795","targetHints":{"allow":["GET"]}}],"collection":[{"href":"https:\/\/carmegalache.com\/ca\/wp-json\/wp\/v2\/product"}],"about":[{"href":"https:\/\/carmegalache.com\/ca\/wp-json\/wp\/v2\/types\/product"}],"replies":[{"embeddable":true,"href":"https:\/\/carmegalache.com\/ca\/wp-json\/wp\/v2\/comments?post=795"}],"wp:featuredmedia":[{"embeddable":true,"href":"https:\/\/carmegalache.com\/ca\/wp-json\/wp\/v2\/media\/1396"}],"wp:attachment":[{"href":"https:\/\/carmegalache.com\/ca\/wp-json\/wp\/v2\/media?parent=795"}],"wp:term":[{"taxonomy":"product_brand","embeddable":true,"href":"https:\/\/carmegalache.com\/ca\/wp-json\/wp\/v2\/product_brand?post=795"},{"taxonomy":"product_cat","embeddable":true,"href":"https:\/\/carmegalache.com\/ca\/wp-json\/wp\/v2\/product_cat?post=795"},{"taxonomy":"product_tag","embeddable":true,"href":"https:\/\/carmegalache.com\/ca\/wp-json\/wp\/v2\/product_tag?post=795"}],"curies":[{"name":"wp","href":"https:\/\/api.w.org\/{rel}","templated":true}]}}