{"id":903,"date":"2025-02-25T12:56:23","date_gmt":"2025-02-25T11:56:23","guid":{"rendered":"https:\/\/carmegalache.com\/?post_type=product&#038;p=903"},"modified":"2025-04-02T12:19:29","modified_gmt":"2025-04-02T10:19:29","slug":"colgante-contenedor-gripau","status":"publish","type":"product","link":"https:\/\/carmegalache.com\/ca\/producto\/colgante-contenedor-gripau\/","title":{"rendered":"Penjoll contenidor Gripau"},"content":{"rendered":"<p>Penjoll contenidor Gripau \ud83d\udc38<br \/>\nFabricat en Plata de Llei. Amb Cadena de plata llarga.<br \/>\nPe\u00e7a \u00fanica.<\/p>\n<p>Els gripaus han estat coneguts hist\u00f2ricament per ser els aliats de les bruixes. Aquests bells i alhora estranys animals es troben envoltats de llegendes en el nostre folklore en les quals coexisteix ombres i llums.<\/p>\n<p>Usats com a ingredients en maleficis i ung\u00fcents, van anar tamb\u00e9 s\u00edmbol de protecci\u00f3 contra el mal d'ull i les bruixes. Aix\u00ed es pot veure com en algunes zones de Gal\u00edcia es creu que un talism\u00e0 creat amb un gripau dissecat en una bossa de roba negra preserva al seu portador dels mals aires.<\/p>\n<p>Tant el penjoll, com l'anell que he creat, cerca real\u00e7ar la figura d'aquest petit animal alhora que donar-li una mem\u00f2ria a Gustav, el gripau que vivia en l'estany de casa meva.<\/p>\n<p><span data-sheets-root=\"1\">Totes les meves joies estan inspirades en la naturalesa. Solc inspirar-me en el bosc o elements del meu entorn.<br \/>\n<\/span><\/p>\n<p><span data-sheets-root=\"1\">Tot el proc\u00e9s es realitza de manera artesanal utilitzant les eines m\u00e9s b\u00e0siques i ancestrals. Tamb\u00e9 incloc alternatives lliures de qu\u00edmics i m\u00e9s ecol\u00f2giques en el proc\u00e9s d'elaboraci\u00f3, sempre que \u00e9s possible.<br \/>\n<\/span><\/p>\n<p><span data-sheets-root=\"1\">Fonc els meus propis lingots de plata, or, bronze, llaut\u00f3 \u2026 Per a posteriorment fer el fil o la planxa necess\u00e0ria per a cada elaboraci\u00f3 de les peces.<\/span><\/p>\n<p><!--more--><\/p>\n<h4><span data-sheets-root=\"1\">Temps de preparaci\u00f3 i lliurament:<\/span><\/h4>\n<p><span data-sheets-root=\"1\">Necessito entre 2 i 4 dies per a preparar i enviar la comanda. Si no est\u00e0 en estoc necessito entre 7 i 14 dies. Depenent de la pe\u00e7a.<\/span><\/p>\n<p><span data-sheets-root=\"1\">Faig enviaments 2 vegades per setmana. Per\u00f2 si t'urgeix, no dubtis a contactar amb mi.<\/span><\/p>\n<h4><\/h4>\n<h4><span data-sheets-root=\"1\">Cura i manteniment:<\/span><\/h4>\n<ul>\n<li><span data-sheets-root=\"1\">Guarda les teves joies de manera que no estiguin en contacte amb l'exterior, si pot ser en un lloc sec i fosc per a evitar l'oxidaci\u00f3.<\/span><\/li>\n<li><span data-sheets-root=\"1\">Evita exposar les joies a agents externs corrosius, com poden ser els perfums, el clor, el lleixiu, greixos, salins o materials alcalins.<\/span><\/li>\n<li><span data-sheets-root=\"1\">Guarda les teves joies en bossetes individuals o enrotllades en paper de seda perqu\u00e8 no s'apilin i es puguin ratllar entre elles.<\/span><\/li>\n<li><span data-sheets-root=\"1\">Pots netejar-les suaument amb algun drap especial per a joies que ajudi a mantenir el llustre. Tamb\u00e9 espor\u00e0dicament pots submergir-les en aigua t\u00e8bia sabonosa per a retirar brut\u00edcia i assecant-les molt b\u00e9 amb un drap suau de cot\u00f3. O assecant-les amb un assecador.<\/span><\/li>\n<\/ul>\n<h5 style=\"text-align: center;\"><span data-sheets-root=\"1\">LES TEVES JOIES M\u00c9S DELICADES HAURIEN DE SER L'\u00daLTIM QUE ET POSES EN SORTIR DE CASA<br \/>\nI EL PRIMER QUE ET LLEVIS EN ENTRAR.<\/span><\/h5>\n","protected":false},"excerpt":{"rendered":"<p>Penjoll contenidor Gripau \ud83d\udc38<br \/>\nFabricat en Plata de Llei. Amb Cadena de plata llarga.<br \/>\nPe\u00e7a \u00fanica.<\/p>\n","protected":false},"featured_media":1376,"comment_status":"open","ping_status":"closed","template":"","meta":{"inline_featured_image":false},"product_brand":[],"product_cat":[19,15],"product_tag":[],"class_list":{"0":"post-903","1":"product","2":"type-product","3":"status-publish","4":"has-post-thumbnail","6":"product_cat-colgantes","7":"product_cat-sin-categorizar","9":"first","10":"instock","11":"taxable","12":"shipping-taxable","13":"purchasable","14":"product-type-simple"},"aioseo_notices":[],"_links":{"self":[{"href":"https:\/\/carmegalache.com\/ca\/wp-json\/wp\/v2\/product\/903","targetHints":{"allow":["GET"]}}],"collection":[{"href":"https:\/\/carmegalache.com\/ca\/wp-json\/wp\/v2\/product"}],"about":[{"href":"https:\/\/carmegalache.com\/ca\/wp-json\/wp\/v2\/types\/product"}],"replies":[{"embeddable":true,"href":"https:\/\/carmegalache.com\/ca\/wp-json\/wp\/v2\/comments?post=903"}],"wp:featuredmedia":[{"embeddable":true,"href":"https:\/\/carmegalache.com\/ca\/wp-json\/wp\/v2\/media\/1376"}],"wp:attachment":[{"href":"https:\/\/carmegalache.com\/ca\/wp-json\/wp\/v2\/media?parent=903"}],"wp:term":[{"taxonomy":"product_brand","embeddable":true,"href":"https:\/\/carmegalache.com\/ca\/wp-json\/wp\/v2\/product_brand?post=903"},{"taxonomy":"product_cat","embeddable":true,"href":"https:\/\/carmegalache.com\/ca\/wp-json\/wp\/v2\/product_cat?post=903"},{"taxonomy":"product_tag","embeddable":true,"href":"https:\/\/carmegalache.com\/ca\/wp-json\/wp\/v2\/product_tag?post=903"}],"curies":[{"name":"wp","href":"https:\/\/api.w.org\/{rel}","templated":true}]}}