{"id":906,"date":"2025-02-25T13:03:20","date_gmt":"2025-02-25T12:03:20","guid":{"rendered":"https:\/\/carmegalache.com\/?post_type=product&#038;p=906"},"modified":"2025-11-29T10:29:49","modified_gmt":"2025-11-29T09:29:49","slug":"colgante-craneo-de-gato-pequeno","status":"publish","type":"product","link":"https:\/\/carmegalache.com\/ca\/producto\/colgante-craneo-de-gato-pequeno\/","title":{"rendered":"Penjoll Crani Gat Petit"},"content":{"rendered":"<p>Colgante Craneo de Gato peque\u00f1o de Plata de Ley 925<\/p>\n<p>Tambien se puede ba\u00f1ar de negro. Consultame.<\/p>\n<p>Todas mis joyas est\u00e1n inspiradas en la naturaleza. Suelo inspirarme en el bosque o elementos de mi entorno.<\/p>\n<p>Todo el proceso se realiza de manera artesanal utilizando las herramientas mas b\u00e1sicas y ancestrales. Tambi\u00e9n incluyo alternativas libres de quimicos y mas ecol\u00f3gicas en el proceso de elaboraci\u00f3n, siempre que es posible.<\/p>\n<p>Fundo mis propios lingotes de plata, oro, bronce, lat\u00f3n \u2026. para posteriormente hacer el hilo o la plancha necesaria para cada elaboraci\u00f3n de las piezas.<\/p>\n<p><!--more--><\/p>\n<h4>Tiempos de preparaci\u00f3n y entrega:<\/h4>\n<p>Necesito entre 2 y 4 d\u00edas para preparar y enviar el pedido. Si no est\u00e1 en stock necesito entre 7 y 14 d\u00edas. Dependiendo de la pieza.<\/p>\n<p>Hago env\u00edos 2 veces por semana. Pero si te urge, no dudes en contactar conmigo.<\/p>\n<h4>\n<\/h4>\n<h4>Cuidado y mantenimiento:<\/h4>\n<ul>\n<li>Guarda tus joyas de manera que no est\u00e9n en contacto con el exterior, a ser posible en un lugar seco y oscuro para evitar la oxidaci\u00f3n.<\/li>\n<li>Evita exponer las joyas a agentes externos corrosivos, como pueden ser los perfumes, el cloro, la lej\u00eda, grasas, salinos o materiales alcalinos.<\/li>\n<li>Guarda tus joyas en bolsitas individuales o enrolladas en papel de seda para que no se apilen i se puedan rayar entre ellas.<\/li>\n<li>Puedes limpiarlas suavemente con alg\u00fan pa\u00f1o especial para joyas que ayude a mantener el lustre. Tambi\u00e9n espor\u00e1dicamente puedes sumergirlas en agua tibia jabonosa para retirar suciedad i sec\u00e1ndolas muy bien con un pa\u00f1o suave de algod\u00f3n. O sec\u00e1ndolas con un secador.<\/li>\n<\/ul>\n<h5 style=\"text-align:center\">TUS JOYAS MAS DELICADAS DEBERIAN SER LO \u00daLTIMO QUE TE PONES AL SALIR DE CASA<\/h5>\n<h5 style=\"text-align:center\">Y LO PRIMERO QUE TE QUITES AL ENTRAR.<\/h5>\n","protected":false},"excerpt":{"rendered":"<p><span data-sheets-root=\"1\">Penjoll Crani de Gat de Plata de Llei 925 o de Bronze<\/span><\/p>\n","protected":false},"featured_media":1365,"comment_status":"open","ping_status":"closed","template":"","meta":{"inline_featured_image":false},"product_brand":[],"product_cat":[19,15],"product_tag":[],"class_list":{"0":"post-906","1":"product","2":"type-product","3":"status-publish","4":"has-post-thumbnail","6":"product_cat-colgantes","7":"product_cat-sin-categorizar","9":"first","10":"instock","11":"featured","12":"taxable","13":"shipping-taxable","14":"purchasable","15":"product-type-simple"},"aioseo_notices":[],"_links":{"self":[{"href":"https:\/\/carmegalache.com\/ca\/wp-json\/wp\/v2\/product\/906","targetHints":{"allow":["GET"]}}],"collection":[{"href":"https:\/\/carmegalache.com\/ca\/wp-json\/wp\/v2\/product"}],"about":[{"href":"https:\/\/carmegalache.com\/ca\/wp-json\/wp\/v2\/types\/product"}],"replies":[{"embeddable":true,"href":"https:\/\/carmegalache.com\/ca\/wp-json\/wp\/v2\/comments?post=906"}],"wp:featuredmedia":[{"embeddable":true,"href":"https:\/\/carmegalache.com\/ca\/wp-json\/wp\/v2\/media\/1365"}],"wp:attachment":[{"href":"https:\/\/carmegalache.com\/ca\/wp-json\/wp\/v2\/media?parent=906"}],"wp:term":[{"taxonomy":"product_brand","embeddable":true,"href":"https:\/\/carmegalache.com\/ca\/wp-json\/wp\/v2\/product_brand?post=906"},{"taxonomy":"product_cat","embeddable":true,"href":"https:\/\/carmegalache.com\/ca\/wp-json\/wp\/v2\/product_cat?post=906"},{"taxonomy":"product_tag","embeddable":true,"href":"https:\/\/carmegalache.com\/ca\/wp-json\/wp\/v2\/product_tag?post=906"}],"curies":[{"name":"wp","href":"https:\/\/api.w.org\/{rel}","templated":true}]}}