{"id":946,"date":"2025-02-25T15:28:25","date_gmt":"2025-02-25T14:28:25","guid":{"rendered":"https:\/\/carmegalache.com\/?post_type=product&#038;p=946"},"modified":"2026-04-12T18:17:48","modified_gmt":"2026-04-12T16:17:48","slug":"colgante-hexafolia-hojas","status":"publish","type":"product","link":"https:\/\/carmegalache.com\/ca\/producto\/colgante-hexafolia-hojas\/","title":{"rendered":"Penjoll Hexap\u00e8tala Mitjana Fulles"},"content":{"rendered":"<p>Colgante Hexap\u00e9tala mediana. Grabado hojas.<\/p>\n<p>Fabricado Plata de ley 925 o Bronce. Lo fabrico bajo pedido.<\/p>\n<p>Medida: 1,5 cm di\u00e1m.<\/p>\n<p>Todas mis joyas est\u00e1n inspiradas en la naturaleza. Suelo inspirarme en el bosque o elementos de mi entorno.<\/p>\n<p>Todo el proceso se realiza de manera artesanal utilizando las herramientas mas b\u00e1sicas y ancestrales. Tambi\u00e9n incluyo alternativas libres de quimicos y mas ecol\u00f3gicas en el proceso de elaboraci\u00f3n, siempre que es posible.<\/p>\n<p>Fundo mis propios lingotes de plata, oro, bronce, lat\u00f3n \u2026. para posteriormente hacer el hilo o la plancha necesaria para cada elaboraci\u00f3n de las piezas.<\/p>\n<p><!--more--><\/p>\n<h4>Tiempos de preparaci\u00f3n y entrega:<\/h4>\n<p>Necesito entre 2 y 4 d\u00edas para preparar y enviar el pedido. Si no est\u00e1 en stock necesito entre 7 y 14 d\u00edas. Dependiendo de la pieza.<\/p>\n<p>Hago env\u00edos 2 veces por semana. Pero si te urge, no dudes en contactar conmigo.<\/p>\n<h4>\n<\/h4>\n<h4>Cuidado y mantenimiento:<\/h4>\n<ul>\n<li>Guarda tus joyas de manera que no est\u00e9n en contacto con el exterior, a ser posible en un lugar seco y oscuro para evitar la oxidaci\u00f3n.<\/li>\n<li>Evita exponer las joyas a agentes externos corrosivos, como pueden ser los perfumes, el cloro, la lej\u00eda, grasas, salinos o materiales alcalinos.<\/li>\n<li>Guarda tus joyas en bolsitas individuales o enrolladas en papel de seda para que no se apilen i se puedan rayar entre ellas.<\/li>\n<li>Puedes limpiarlas suavemente con alg\u00fan pa\u00f1o especial para joyas que ayude a mantener el lustre. Tambi\u00e9n espor\u00e1dicamente puedes sumergirlas en agua tibia jabonosa para retirar suciedad i sec\u00e1ndolas muy bien con un pa\u00f1o suave de algod\u00f3n. O sec\u00e1ndolas con un secador.<\/li>\n<\/ul>\n<h5 style=\"text-align:center\">TUS JOYAS MAS DELICADAS DEBERIAN SER LO \u00daLTIMO QUE TE PONES AL SALIR DE CASA<\/h5>\n<h5 style=\"text-align:center\">Y LO PRIMERO QUE TE QUITES AL ENTRAR.<\/h5>\n","protected":false},"excerpt":{"rendered":"<p><span data-sheets-root=\"1\">Penjoll Hexap\u00e8tala mitjana. Gravat fulles.<\/span><\/p>\n<p>Fabricat Plata de llei 925. Ho fabrico sota comanda.<\/p>\n<p>Mesura: 1,5 cm di\u00e0m.<\/p>\n","protected":false},"featured_media":1343,"comment_status":"open","ping_status":"closed","template":"","meta":{"inline_featured_image":false},"product_brand":[],"product_cat":[19],"product_tag":[],"class_list":{"0":"post-946","1":"product","2":"type-product","3":"status-publish","4":"has-post-thumbnail","6":"product_cat-colgantes","8":"first","9":"onbackorder","10":"taxable","11":"shipping-taxable","12":"purchasable","13":"product-type-simple"},"aioseo_notices":[],"_links":{"self":[{"href":"https:\/\/carmegalache.com\/ca\/wp-json\/wp\/v2\/product\/946","targetHints":{"allow":["GET"]}}],"collection":[{"href":"https:\/\/carmegalache.com\/ca\/wp-json\/wp\/v2\/product"}],"about":[{"href":"https:\/\/carmegalache.com\/ca\/wp-json\/wp\/v2\/types\/product"}],"replies":[{"embeddable":true,"href":"https:\/\/carmegalache.com\/ca\/wp-json\/wp\/v2\/comments?post=946"}],"wp:featuredmedia":[{"embeddable":true,"href":"https:\/\/carmegalache.com\/ca\/wp-json\/wp\/v2\/media\/1343"}],"wp:attachment":[{"href":"https:\/\/carmegalache.com\/ca\/wp-json\/wp\/v2\/media?parent=946"}],"wp:term":[{"taxonomy":"product_brand","embeddable":true,"href":"https:\/\/carmegalache.com\/ca\/wp-json\/wp\/v2\/product_brand?post=946"},{"taxonomy":"product_cat","embeddable":true,"href":"https:\/\/carmegalache.com\/ca\/wp-json\/wp\/v2\/product_cat?post=946"},{"taxonomy":"product_tag","embeddable":true,"href":"https:\/\/carmegalache.com\/ca\/wp-json\/wp\/v2\/product_tag?post=946"}],"curies":[{"name":"wp","href":"https:\/\/api.w.org\/{rel}","templated":true}]}}