{"id":937,"date":"2025-02-25T15:17:27","date_gmt":"2025-02-25T14:17:27","guid":{"rendered":"https:\/\/carmegalache.com\/?page_id=937"},"modified":"2025-07-29T10:55:46","modified_gmt":"2025-07-29T08:55:46","slug":"sobre-mi","status":"publish","type":"page","link":"https:\/\/carmegalache.com\/en\/sobre-mi\/","title":{"rendered":"Sobre mi"},"content":{"rendered":"<section id=\"section-2-940\" class=\" ct-section\" ><div class=\"ct-section-inner-wrap\"><div id=\"new_columns-3-940\" class=\"ct-new-columns\" ><div id=\"div_block-4-940\" class=\"ct-div-block\" ><img decoding=\"async\"  id=\"image-5-940\" alt=\"Carme Galache Jewerly & Ceramics\" src=\"https:\/\/carmegalache.com\/wp-content\/uploads\/2024\/11\/Carme-1-e1740505296888.jpg\" class=\"ct-image\"\/><div id=\"div_block-36-940\" class=\"ct-div-block\" ><h2 id=\"headline-38-940\" class=\"ct-headline atomic-secondary-heading\">I am Carme Galache, Jeweler and artisan.<\/h2><div id=\"text_block-39-940\" class=\"ct-text-block atomic-subheading\" >I am Carme Galache, a craftswoman and jeweler, and each of my creations is born from a deep connection with nature and tradition. I have spent decades dedicating myself to rescuing ancestral techniques to give life to unique and sustainable pieces. My inspiration comes from natural elements, and that is why my jewelry is not just adornment, but talismans full of soul and energy.\n<br><br>I work exclusively with noble materials such as silver, gold, iron or bronze, metals full of history that I consider my allies. These metals, alive, even if they do not move, have the ability to transmit a powerful connection to those who wear them. I believe that working with metal is not only a craft, but an act of respect and care. From the creation of the original piece to the historical replicas that I make, I put all my dedication so that each object has a unique meaning.<br><br>My passion for crafts is not limited only to jewelry. I have also learned and practiced other traditional techniques for years, such as ceramics and working with wool. I know how to card, spin and dye wool using ancient processes, preserving crafts that require patience, respect for the raw material and love for the handmade.\n<br><br>When I create replicas of historical jewelry or interpret pieces from the past, I strive to think like an ancient goldsmith would. I dedicate countless hours to study, creativity and trial and error, until each piece faithfully reflects the energy and purpose I want to convey.\n<br><br>Each of my jewels is a tribute to the link between my hands and the secrets of nature. They are \u201cTalisman-Jewels\u201d, pieces full of love, tradition and magic, created to connect those who wear them with the energy of the earth and the strength of history.<br><\/div><\/div><\/div><\/div><\/div><\/section><section id=\"section-13-940\" class=\" ct-section\" ><div class=\"ct-section-inner-wrap\"><h2 id=\"headline-14-940\" class=\"ct-headline atomic-secondary-heading\">Some special fabrications<\/h2><div id=\"new_columns-16-940\" class=\"ct-new-columns\" ><div id=\"div_block-17-940\" class=\"ct-div-block \" ><img decoding=\"async\"  id=\"image-18-940\" alt=\"hoja hormiga\" src=\"https:\/\/carmegalache.com\/wp-content\/uploads\/2025\/03\/hoja-hormiga-2.jpg\" class=\"ct-image atomic-gridbased-1-image\"\/><div id=\"text_block-19-940\" class=\"ct-text-block atomic-gridbased-1-text\" >Very special request for Demon<\/div><img decoding=\"async\"  id=\"image-20-940\" alt=\"Aliances trena arrrel\" src=\"https:\/\/carmegalache.com\/wp-content\/uploads\/2025\/03\/Aliances-trena-arrrel.jpg\" class=\"ct-image atomic-gridbased-1-image\"\/><div id=\"text_block-21-940\" class=\"ct-text-block atomic-gridbased-1-text\" >Custom made alliances with braided roots<\/div><\/div><div id=\"div_block-22-940\" class=\"ct-div-block \" ><img decoding=\"async\"  id=\"image-23-940\" alt=\"anillo outlander\" src=\"https:\/\/carmegalache.com\/wp-content\/uploads\/2025\/03\/anillo-outlander-4.jpg\" class=\"ct-image atomic-gridbased-1-image\"\/><div id=\"text_block-24-940\" class=\"ct-text-block atomic-gridbased-1-text\" >Outlander Ring. Special manufacturing for @amaya.barahona from Mr. Bellota<\/div><img decoding=\"async\"  id=\"image-25-940\" alt=\"tuercas circo\" src=\"https:\/\/carmegalache.com\/wp-content\/uploads\/2025\/03\/tuercas-circ-e1741005460711.jpg\" class=\"ct-image atomic-gridbased-1-image\"\/><div id=\"text_block-26-940\" class=\"ct-text-block atomic-gridbased-1-text\" >Specially made pendants for @infra\u00b7po\u00e8tic\u00b7circ<\/div><\/div><div id=\"div_block-27-940\" class=\"ct-div-block \" ><img decoding=\"async\"  id=\"image-28-940\" alt=\"anillo madre selva y anillo corteza arbol\" src=\"https:\/\/carmegalache.com\/wp-content\/uploads\/2025\/03\/IMG-20240806-WA0057.jpg\" class=\"ct-image atomic-gridbased-1-image\"\/><div id=\"text_block-29-940\" class=\"ct-text-block atomic-gridbased-1-text\" >Engagement Rings for Lucia and Adri with a beautiful and exciting story behind them.<\/div><img decoding=\"async\"  id=\"image-30-940\" alt=\"cascaber esp\u00edritu del mu\u00e9rdago de victoria franc\u00e9s\" src=\"https:\/\/carmegalache.com\/wp-content\/uploads\/2025\/03\/picarol-victoria-frances.jpg\" class=\"ct-image atomic-gridbased-1-image\"\/><div id=\"text_block-31-940\" class=\"ct-text-block atomic-gridbased-1-text\" >Rattlesnake inspired by the illustration of the Spirit of the Mistletoe by Victoria Franc\u00e9s<\/div><\/div><\/div><\/div><\/section>","protected":false},"excerpt":{"rendered":"","protected":false},"author":1,"featured_media":0,"parent":0,"menu_order":0,"comment_status":"closed","ping_status":"closed","template":"","meta":{"inline_featured_image":false,"footnotes":""},"class_list":["post-937","page","type-page","status-publish","hentry"],"aioseo_notices":[],"_links":{"self":[{"href":"https:\/\/carmegalache.com\/en\/wp-json\/wp\/v2\/pages\/937","targetHints":{"allow":["GET"]}}],"collection":[{"href":"https:\/\/carmegalache.com\/en\/wp-json\/wp\/v2\/pages"}],"about":[{"href":"https:\/\/carmegalache.com\/en\/wp-json\/wp\/v2\/types\/page"}],"author":[{"embeddable":true,"href":"https:\/\/carmegalache.com\/en\/wp-json\/wp\/v2\/users\/1"}],"replies":[{"embeddable":true,"href":"https:\/\/carmegalache.com\/en\/wp-json\/wp\/v2\/comments?post=937"}],"version-history":[{"count":62,"href":"https:\/\/carmegalache.com\/en\/wp-json\/wp\/v2\/pages\/937\/revisions"}],"predecessor-version":[{"id":2302,"href":"https:\/\/carmegalache.com\/en\/wp-json\/wp\/v2\/pages\/937\/revisions\/2302"}],"wp:attachment":[{"href":"https:\/\/carmegalache.com\/en\/wp-json\/wp\/v2\/media?parent=937"}],"curies":[{"name":"wp","href":"https:\/\/api.w.org\/{rel}","templated":true}]}}