{"id":2510,"date":"2026-01-16T10:00:55","date_gmt":"2026-01-16T09:00:55","guid":{"rendered":"https:\/\/carmegalache.com\/producto\/poison-ring-craneo-de-gato-grande\/"},"modified":"2026-01-23T12:53:36","modified_gmt":"2026-01-23T11:53:36","slug":"poison-ring-craneo-de-gato-grande","status":"publish","type":"product","link":"https:\/\/carmegalache.com\/en\/producto\/poison-ring-craneo-de-gato-grande\/","title":{"rendered":"Poison Ring Craneo de Gato Grande"},"content":{"rendered":"<p>Anillo fabricado en plata de Ley y Lat\u00f3n.<\/p>\n<p>Se trata de una pieza \u00fanica.<\/p>\n<p><strong><u>Caracter\u00edsticas principales:<\/u><\/strong><\/p>\n<ul>\n<li>Dise\u00f1o inspirado en la naturaleza<\/li>\n<li>Fabricados en plata de ley 925 y Lat\u00f3n<\/li>\n<li>Elaborados completamente a mano.<\/li>\n<\/ul>\n<p>Todas mis joyas est\u00e1n inspiradas en la naturaleza. Suelo inspirarme en el bosque o elementos de mi entorno.<\/p>\n<p>Todo el proceso se realiza de manera artesanal utilizando las herramientas mas b\u00e1sicas y ancestrales. Tambi\u00e9n incluyo alternativas libres de quimicos y mas ecol\u00f3gicas en el proceso de elaboraci\u00f3n, siempre que es posible.<\/p>\n<p>Fundo mis propios lingotes de plata, oro, bronce, lat\u00f3n \u2026. para posteriormente hacer el hilo o la plancha necesaria para cada elaboraci\u00f3n de las piezas.<\/p>\n<p>Tiempos de preparaci\u00f3n y entrega:<br \/>\nNecesito entre 2 y 4 d\u00edas para preparar y enviar el pedido.<\/p>\n<p>Hago env\u00edos 2 veces por semana. Pero si te urge, no dudes en contactar conmigo.<\/p>\n<p>Cuidado y mantenimiento:<br \/>\nGuarda tus joyas de manera que no est\u00e9n en contacto con el exterior, a ser posible en un lugar seco y oscuro para evitar la oxidaci\u00f3n.<br \/>\nEvita exponer las joyas a agentes externos corrosivos, como pueden ser los perfumes, el cloro, la lej\u00eda, grasas, salinos o materiales alcalinos.<br \/>\nGuarda tus joyas en bolsitas individuales o enrolladas en papel de seda para que no se apilen i se puedan rayar entre ellas.<br \/>\nPuedes limpiarlas suavemente con alg\u00fan pa\u00f1o especial para joyas que ayude a mantener el lustre. Tambi\u00e9n espor\u00e1dicamente puedes sumergirlas en agua tibia jabonosa para retirar suciedad i sec\u00e1ndolas muy bien con un pa\u00f1o suave de algod\u00f3n. O sec\u00e1ndolas con un secador.<\/p>\n<p style=\"text-align: center;\"><strong>TUS JOYAS MAS DELICADAS DEBERIAN SER LO \u00daLTIMO QUE TE PONES AL SALIR DE CASA<\/strong><br \/>\n<strong>Y LO PRIMERO QUE TE QUITES AL ENTRAR.<\/strong><\/p>\n","protected":false},"excerpt":{"rendered":"<p>Anillo fabricado en plata de Ley y Lat\u00f3n. Se trata de una pieza \u00fanica. Caracter\u00edsticas principales: Dise\u00f1o inspirado en la naturaleza Fabricados en plata de ley 925 y Lat\u00f3n Elaborados completamente a mano. Todas mis joyas est\u00e1n inspiradas en la naturaleza. Suelo inspirarme en el bosque o elementos de mi entorno. Todo el proceso se [&hellip;]<\/p>\n","protected":false},"featured_media":2507,"comment_status":"open","ping_status":"closed","template":"","meta":{"inline_featured_image":false},"product_brand":[],"product_cat":[18,40,117],"product_tag":[121],"class_list":{"0":"post-2510","1":"product","2":"type-product","3":"status-publish","4":"has-post-thumbnail","6":"product_cat-anillos","7":"product_cat-joyeria","8":"product_cat-novedades","9":"product_tag-artesania","11":"first","12":"instock","13":"taxable","14":"shipping-taxable","15":"purchasable","16":"product-type-simple"},"aioseo_notices":[],"_links":{"self":[{"href":"https:\/\/carmegalache.com\/en\/wp-json\/wp\/v2\/product\/2510","targetHints":{"allow":["GET"]}}],"collection":[{"href":"https:\/\/carmegalache.com\/en\/wp-json\/wp\/v2\/product"}],"about":[{"href":"https:\/\/carmegalache.com\/en\/wp-json\/wp\/v2\/types\/product"}],"replies":[{"embeddable":true,"href":"https:\/\/carmegalache.com\/en\/wp-json\/wp\/v2\/comments?post=2510"}],"wp:featuredmedia":[{"embeddable":true,"href":"https:\/\/carmegalache.com\/en\/wp-json\/wp\/v2\/media\/2507"}],"wp:attachment":[{"href":"https:\/\/carmegalache.com\/en\/wp-json\/wp\/v2\/media?parent=2510"}],"wp:term":[{"taxonomy":"product_brand","embeddable":true,"href":"https:\/\/carmegalache.com\/en\/wp-json\/wp\/v2\/product_brand?post=2510"},{"taxonomy":"product_cat","embeddable":true,"href":"https:\/\/carmegalache.com\/en\/wp-json\/wp\/v2\/product_cat?post=2510"},{"taxonomy":"product_tag","embeddable":true,"href":"https:\/\/carmegalache.com\/en\/wp-json\/wp\/v2\/product_tag?post=2510"}],"curies":[{"name":"wp","href":"https:\/\/api.w.org\/{rel}","templated":true}]}}