{"id":2527,"date":"2026-02-08T10:54:22","date_gmt":"2026-02-08T09:54:22","guid":{"rendered":"https:\/\/carmegalache.com\/?post_type=product&#038;p=2527"},"modified":"2026-03-02T15:34:28","modified_gmt":"2026-03-02T14:34:28","slug":"bono-8h-taller-semanal-de-ceramica-2-2-4","status":"publish","type":"product","link":"https:\/\/carmegalache.com\/en\/producto\/bono-8h-taller-semanal-de-ceramica-2-2-4\/","title":{"rendered":"Workshop Taza. CONSULTA ANTES DE RESERVAR."},"content":{"rendered":"<p>Crea tu Taza con t\u00e9cnicas de modelaje y decoraci\u00f3n en crudo. (Texturas, grabados, relieves ...)<\/p>\n<p>se trata de un taller de iniciaci\u00f3n que no requiere experiencia previa. La duraci\u00f3n es de 3h mas el tiempo de la comida post taller.<\/p>\n<p>Incluye el esmaltado y cocci\u00f3n de la pieza una vez est\u00e9 seca. No incluye pintar la pieza pero si se puede reservar aparte.<\/p>\n<p>Incluye caf\u00e9, t\u00e9, agua o refresco y aperitivo.<\/p>\n<p>Puedes hacer tu reserva o consulta por whatsapp 697610086<\/p>\n<p>Lugar: Canyamars (Barcelona)<\/p>\n<p>plazas m\u00ednimo 5 m\u00e1ximo 6 personas.<\/p>\n<p>En cuanto confirmemos grupo y fecha, podr\u00e1s realizar el pago mediante transferencia para dejar tu plaza reservada.<\/p>\n","protected":false},"excerpt":{"rendered":"<p>Crea tu Taza con t\u00e9cnicas de modelaje y decoraci\u00f3n en crudo. (Texturas, grabados, relieves ...) se trata de un taller de iniciaci\u00f3n que no requiere experiencia previa. La duraci\u00f3n es de 3h mas el tiempo de la comida post taller. Incluye el esmaltado y cocci\u00f3n de la pieza una vez est\u00e9 seca. No incluye pintar [&hellip;]<\/p>\n","protected":false},"featured_media":2528,"comment_status":"open","ping_status":"closed","template":"","meta":{"inline_featured_image":false},"product_brand":[],"product_cat":[41,35],"product_tag":[121,119,122,120],"class_list":{"0":"post-2527","1":"product","2":"type-product","3":"status-publish","4":"has-post-thumbnail","6":"product_cat-ceramica","7":"product_cat-talleres","8":"product_tag-artesania","9":"product_tag-ceramica","10":"product_tag-clases","11":"product_tag-taller","13":"first","14":"onbackorder","15":"virtual","16":"taxable","17":"purchasable","18":"product-type-simple"},"aioseo_notices":[],"_links":{"self":[{"href":"https:\/\/carmegalache.com\/en\/wp-json\/wp\/v2\/product\/2527","targetHints":{"allow":["GET"]}}],"collection":[{"href":"https:\/\/carmegalache.com\/en\/wp-json\/wp\/v2\/product"}],"about":[{"href":"https:\/\/carmegalache.com\/en\/wp-json\/wp\/v2\/types\/product"}],"replies":[{"embeddable":true,"href":"https:\/\/carmegalache.com\/en\/wp-json\/wp\/v2\/comments?post=2527"}],"wp:featuredmedia":[{"embeddable":true,"href":"https:\/\/carmegalache.com\/en\/wp-json\/wp\/v2\/media\/2528"}],"wp:attachment":[{"href":"https:\/\/carmegalache.com\/en\/wp-json\/wp\/v2\/media?parent=2527"}],"wp:term":[{"taxonomy":"product_brand","embeddable":true,"href":"https:\/\/carmegalache.com\/en\/wp-json\/wp\/v2\/product_brand?post=2527"},{"taxonomy":"product_cat","embeddable":true,"href":"https:\/\/carmegalache.com\/en\/wp-json\/wp\/v2\/product_cat?post=2527"},{"taxonomy":"product_tag","embeddable":true,"href":"https:\/\/carmegalache.com\/en\/wp-json\/wp\/v2\/product_tag?post=2527"}],"curies":[{"name":"wp","href":"https:\/\/api.w.org\/{rel}","templated":true}]}}